{"id":647,"date":"2024-12-22T10:29:27","date_gmt":"2024-12-22T09:29:27","guid":{"rendered":"https:\/\/psp-wolka-tyrzynska.pl\/?page_id=647"},"modified":"2025-10-02T13:03:29","modified_gmt":"2025-10-02T11:03:29","slug":"kacik-pedagoga-i-psychologa","status":"publish","type":"page","link":"https:\/\/psp-wolka-tyrzynska.pl\/?page_id=647","title":{"rendered":"K\u0105cik pedagoga i psychologa"},"content":{"rendered":"<p style=\"text-align: center;\"><img fetchpriority=\"high\" decoding=\"async\" src=\"https:\/\/psp-wolka-tyrzynska.pl\/wp-content\/uploads\/2025\/09\/kacik-pedegog-psycholog5-1024x724.jpg\" alt=\"\" width=\"1024\" height=\"724\" \/><\/p>\n\n\n<figure class=\"wp-block-image size-full\"><img decoding=\"async\" src=\"https:\/\/psp-wolka-tyrzynska.pl\/wp-content\/uploads\/2025\/09\/kacik-pedegog-psycholog4-724x1024.jpg\" alt=\"\" class=\"wp-image-838\"\/><\/figure>\n\n\n\n<figure class=\"wp-block-image size-large\"><img decoding=\"async\" width=\"1024\" height=\"724\" src=\"https:\/\/psp-wolka-tyrzynska.pl\/wp-content\/uploads\/2025\/01\/jestes-czlowiekiem-1024x724.png\" alt=\"\" class=\"wp-image-836\" srcset=\"https:\/\/psp-wolka-tyrzynska.pl\/wp-content\/uploads\/2025\/01\/jestes-czlowiekiem-1024x724.png 1024w, https:\/\/psp-wolka-tyrzynska.pl\/wp-content\/uploads\/2025\/01\/jestes-czlowiekiem-300x212.png 300w, https:\/\/psp-wolka-tyrzynska.pl\/wp-content\/uploads\/2025\/01\/jestes-czlowiekiem-768x543.png 768w, https:\/\/psp-wolka-tyrzynska.pl\/wp-content\/uploads\/2025\/01\/jestes-czlowiekiem-1536x1086.png 1536w, https:\/\/psp-wolka-tyrzynska.pl\/wp-content\/uploads\/2025\/01\/jestes-czlowiekiem-200x141.png 200w, https:\/\/psp-wolka-tyrzynska.pl\/wp-content\/uploads\/2025\/01\/jestes-czlowiekiem.png 1568w\" sizes=\"(max-width: 1024px) 100vw, 1024px\" \/><\/figure>\n\n\n\n<figure class=\"wp-block-image size-full\"><img decoding=\"async\" width=\"679\" height=\"960\" src=\"https:\/\/psp-wolka-tyrzynska.pl\/wp-content\/uploads\/2025\/01\/gdyby-emocje-mogly-mowic.jpg\" alt=\"\" class=\"wp-image-833\" srcset=\"https:\/\/psp-wolka-tyrzynska.pl\/wp-content\/uploads\/2025\/01\/gdyby-emocje-mogly-mowic.jpg 679w, https:\/\/psp-wolka-tyrzynska.pl\/wp-content\/uploads\/2025\/01\/gdyby-emocje-mogly-mowic-212x300.jpg 212w, https:\/\/psp-wolka-tyrzynska.pl\/wp-content\/uploads\/2025\/01\/gdyby-emocje-mogly-mowic-200x283.jpg 200w\" sizes=\"(max-width: 679px) 100vw, 679px\" \/><\/figure>\n\n\n\n<figure class=\"wp-block-image size-full\"><img loading=\"lazy\" decoding=\"async\" width=\"960\" height=\"951\" src=\"https:\/\/psp-wolka-tyrzynska.pl\/wp-content\/uploads\/2025\/01\/reguly-zmian.jpg\" alt=\"\" class=\"wp-image-841\" srcset=\"https:\/\/psp-wolka-tyrzynska.pl\/wp-content\/uploads\/2025\/01\/reguly-zmian.jpg 960w, https:\/\/psp-wolka-tyrzynska.pl\/wp-content\/uploads\/2025\/01\/reguly-zmian-300x297.jpg 300w, https:\/\/psp-wolka-tyrzynska.pl\/wp-content\/uploads\/2025\/01\/reguly-zmian-150x150.jpg 150w, https:\/\/psp-wolka-tyrzynska.pl\/wp-content\/uploads\/2025\/01\/reguly-zmian-768x761.jpg 768w, https:\/\/psp-wolka-tyrzynska.pl\/wp-content\/uploads\/2025\/01\/reguly-zmian-200x198.jpg 200w, https:\/\/psp-wolka-tyrzynska.pl\/wp-content\/uploads\/2025\/01\/reguly-zmian-80x80.jpg 80w\" sizes=\"(max-width: 960px) 100vw, 960px\" \/><\/figure>\n\n\n\n<figure class=\"wp-block-image size-large\"><img loading=\"lazy\" decoding=\"async\" width=\"724\" height=\"1024\" src=\"https:\/\/psp-wolka-tyrzynska.pl\/wp-content\/uploads\/2025\/01\/Psycholog-poradnia-724x1024.jpg\" alt=\"\" class=\"wp-image-839\" srcset=\"https:\/\/psp-wolka-tyrzynska.pl\/wp-content\/uploads\/2025\/01\/Psycholog-poradnia-724x1024.jpg 724w, https:\/\/psp-wolka-tyrzynska.pl\/wp-content\/uploads\/2025\/01\/Psycholog-poradnia-212x300.jpg 212w, https:\/\/psp-wolka-tyrzynska.pl\/wp-content\/uploads\/2025\/01\/Psycholog-poradnia-768x1087.jpg 768w, https:\/\/psp-wolka-tyrzynska.pl\/wp-content\/uploads\/2025\/01\/Psycholog-poradnia-200x283.jpg 200w, https:\/\/psp-wolka-tyrzynska.pl\/wp-content\/uploads\/2025\/01\/Psycholog-poradnia.jpg 1080w\" sizes=\"(max-width: 724px) 100vw, 724px\" \/><\/figure>\n\n\n\n<figure class=\"wp-block-image size-large\"><img loading=\"lazy\" decoding=\"async\" width=\"724\" height=\"1024\" src=\"https:\/\/psp-wolka-tyrzynska.pl\/wp-content\/uploads\/2025\/01\/Pedagog-poradnia-724x1024.jpg\" alt=\"\" class=\"wp-image-837\" srcset=\"https:\/\/psp-wolka-tyrzynska.pl\/wp-content\/uploads\/2025\/01\/Pedagog-poradnia-724x1024.jpg 724w, https:\/\/psp-wolka-tyrzynska.pl\/wp-content\/uploads\/2025\/01\/Pedagog-poradnia-212x300.jpg 212w, https:\/\/psp-wolka-tyrzynska.pl\/wp-content\/uploads\/2025\/01\/Pedagog-poradnia-768x1087.jpg 768w, https:\/\/psp-wolka-tyrzynska.pl\/wp-content\/uploads\/2025\/01\/Pedagog-poradnia-200x283.jpg 200w, https:\/\/psp-wolka-tyrzynska.pl\/wp-content\/uploads\/2025\/01\/Pedagog-poradnia.jpg 1080w\" sizes=\"(max-width: 724px) 100vw, 724px\" \/><\/figure>\n\n\n\n<figure class=\"wp-block-image size-large\"><img loading=\"lazy\" decoding=\"async\" width=\"1024\" height=\"768\" src=\"https:\/\/psp-wolka-tyrzynska.pl\/wp-content\/uploads\/2025\/09\/kacik-pedegog-psycholog-1024x768.jpg\" alt=\"\" class=\"wp-image-1385\" srcset=\"https:\/\/psp-wolka-tyrzynska.pl\/wp-content\/uploads\/2025\/09\/kacik-pedegog-psycholog-1024x768.jpg 1024w, https:\/\/psp-wolka-tyrzynska.pl\/wp-content\/uploads\/2025\/09\/kacik-pedegog-psycholog-300x225.jpg 300w, https:\/\/psp-wolka-tyrzynska.pl\/wp-content\/uploads\/2025\/09\/kacik-pedegog-psycholog-768x576.jpg 768w, https:\/\/psp-wolka-tyrzynska.pl\/wp-content\/uploads\/2025\/09\/kacik-pedegog-psycholog-1536x1152.jpg 1536w, https:\/\/psp-wolka-tyrzynska.pl\/wp-content\/uploads\/2025\/09\/kacik-pedegog-psycholog-200x150.jpg 200w, https:\/\/psp-wolka-tyrzynska.pl\/wp-content\/uploads\/2025\/09\/kacik-pedegog-psycholog.jpg 2048w\" sizes=\"(max-width: 1024px) 100vw, 1024px\" \/><\/figure>\n\n\n\n<figure class=\"wp-block-image size-large\"><img loading=\"lazy\" decoding=\"async\" width=\"1024\" height=\"768\" src=\"https:\/\/psp-wolka-tyrzynska.pl\/wp-content\/uploads\/2025\/10\/Kacik-psychologa-i-pedagoga-1024x768.jpg\" alt=\"\" class=\"wp-image-1435\" srcset=\"https:\/\/psp-wolka-tyrzynska.pl\/wp-content\/uploads\/2025\/10\/Kacik-psychologa-i-pedagoga-1024x768.jpg 1024w, https:\/\/psp-wolka-tyrzynska.pl\/wp-content\/uploads\/2025\/10\/Kacik-psychologa-i-pedagoga-300x225.jpg 300w, https:\/\/psp-wolka-tyrzynska.pl\/wp-content\/uploads\/2025\/10\/Kacik-psychologa-i-pedagoga-768x576.jpg 768w, https:\/\/psp-wolka-tyrzynska.pl\/wp-content\/uploads\/2025\/10\/Kacik-psychologa-i-pedagoga-1536x1152.jpg 1536w, https:\/\/psp-wolka-tyrzynska.pl\/wp-content\/uploads\/2025\/10\/Kacik-psychologa-i-pedagoga-200x150.jpg 200w, https:\/\/psp-wolka-tyrzynska.pl\/wp-content\/uploads\/2025\/10\/Kacik-psychologa-i-pedagoga-rotated.jpg 2048w\" sizes=\"(max-width: 1024px) 100vw, 1024px\" \/><\/figure>\n","protected":false},"excerpt":{"rendered":"","protected":false},"author":1,"featured_media":0,"parent":0,"menu_order":0,"comment_status":"closed","ping_status":"closed","template":"","meta":{"_uag_custom_page_level_css":"","footnotes":""},"class_list":["post-647","page","type-page","status-publish","hentry"],"yoast_head":"<!-- This site is optimized with the Yoast SEO plugin v25.1 - https:\/\/yoast.com\/wordpress\/plugins\/seo\/ -->\n<title>K\u0105cik pedagoga i psychologa - PSP W W\u00d3LCE TYRZY\u0143SKIEJ<\/title>\n<meta name=\"robots\" content=\"index, follow, max-snippet:-1, max-image-preview:large, max-video-preview:-1\" \/>\n<link rel=\"canonical\" href=\"https:\/\/psp-wolka-tyrzynska.pl\/?page_id=647\" \/>\n<meta property=\"og:locale\" content=\"pl_PL\" \/>\n<meta property=\"og:type\" content=\"article\" \/>\n<meta property=\"og:title\" content=\"K\u0105cik pedagoga i psychologa - PSP W W\u00d3LCE TYRZY\u0143SKIEJ\" \/>\n<meta property=\"og:url\" content=\"https:\/\/psp-wolka-tyrzynska.pl\/?page_id=647\" \/>\n<meta property=\"og:site_name\" content=\"PSP W W\u00d3LCE TYRZY\u0143SKIEJ\" \/>\n<meta property=\"article:publisher\" content=\"https:\/\/www.facebook.com\/profile.php?id=100057326564826&amp;locale=pl_PL\" \/>\n<meta property=\"article:modified_time\" content=\"2025-10-02T11:03:29+00:00\" \/>\n<meta property=\"og:image\" content=\"https:\/\/psp-wolka-tyrzynska.pl\/wp-content\/uploads\/2025\/09\/kacik-pedegog-psycholog5-1024x724.jpg\" \/>\n<meta name=\"twitter:card\" content=\"summary_large_image\" \/>\n<meta name=\"twitter:label1\" content=\"Szacowany czas czytania\" \/>\n\t<meta name=\"twitter:data1\" content=\"2 minuty\" \/>\n<script type=\"application\/ld+json\" class=\"yoast-schema-graph\">{\"@context\":\"https:\/\/schema.org\",\"@graph\":[{\"@type\":\"WebPage\",\"@id\":\"https:\/\/psp-wolka-tyrzynska.pl\/?page_id=647\",\"url\":\"https:\/\/psp-wolka-tyrzynska.pl\/?page_id=647\",\"name\":\"K\u0105cik pedagoga i psychologa - PSP W W\u00d3LCE TYRZY\u0143SKIEJ\",\"isPartOf\":{\"@id\":\"https:\/\/psp-wolka-tyrzynska.pl\/#website\"},\"primaryImageOfPage\":{\"@id\":\"https:\/\/psp-wolka-tyrzynska.pl\/?page_id=647#primaryimage\"},\"image\":{\"@id\":\"https:\/\/psp-wolka-tyrzynska.pl\/?page_id=647#primaryimage\"},\"thumbnailUrl\":\"https:\/\/psp-wolka-tyrzynska.pl\/wp-content\/uploads\/2025\/09\/kacik-pedegog-psycholog5-1024x724.jpg\",\"datePublished\":\"2024-12-22T09:29:27+00:00\",\"dateModified\":\"2025-10-02T11:03:29+00:00\",\"breadcrumb\":{\"@id\":\"https:\/\/psp-wolka-tyrzynska.pl\/?page_id=647#breadcrumb\"},\"inLanguage\":\"pl-PL\",\"potentialAction\":[{\"@type\":\"ReadAction\",\"target\":[\"https:\/\/psp-wolka-tyrzynska.pl\/?page_id=647\"]}]},{\"@type\":\"ImageObject\",\"inLanguage\":\"pl-PL\",\"@id\":\"https:\/\/psp-wolka-tyrzynska.pl\/?page_id=647#primaryimage\",\"url\":\"https:\/\/psp-wolka-tyrzynska.pl\/wp-content\/uploads\/2025\/09\/kacik-pedegog-psycholog5.jpg\",\"contentUrl\":\"https:\/\/psp-wolka-tyrzynska.pl\/wp-content\/uploads\/2025\/09\/kacik-pedegog-psycholog5.jpg\",\"width\":2048,\"height\":1448},{\"@type\":\"BreadcrumbList\",\"@id\":\"https:\/\/psp-wolka-tyrzynska.pl\/?page_id=647#breadcrumb\",\"itemListElement\":[{\"@type\":\"ListItem\",\"position\":1,\"name\":\"Home\",\"item\":\"https:\/\/psp-wolka-tyrzynska.pl\/\"},{\"@type\":\"ListItem\",\"position\":2,\"name\":\"K\u0105cik pedagoga i psychologa\"}]},{\"@type\":\"WebSite\",\"@id\":\"https:\/\/psp-wolka-tyrzynska.pl\/#website\",\"url\":\"https:\/\/psp-wolka-tyrzynska.pl\/\",\"name\":\"PSP W W\u00d3LCE TYRZY\u0143SKIEJ\",\"description\":\"\",\"publisher\":{\"@id\":\"https:\/\/psp-wolka-tyrzynska.pl\/#organization\"},\"potentialAction\":[{\"@type\":\"SearchAction\",\"target\":{\"@type\":\"EntryPoint\",\"urlTemplate\":\"https:\/\/psp-wolka-tyrzynska.pl\/?s={search_term_string}\"},\"query-input\":{\"@type\":\"PropertyValueSpecification\",\"valueRequired\":true,\"valueName\":\"search_term_string\"}}],\"inLanguage\":\"pl-PL\"},{\"@type\":\"Organization\",\"@id\":\"https:\/\/psp-wolka-tyrzynska.pl\/#organization\",\"name\":\"PSP W W\u00d3LCE TYRZY\u0143SKIEJ\",\"url\":\"https:\/\/psp-wolka-tyrzynska.pl\/\",\"logo\":{\"@type\":\"ImageObject\",\"inLanguage\":\"pl-PL\",\"@id\":\"https:\/\/psp-wolka-tyrzynska.pl\/#\/schema\/logo\/image\/\",\"url\":\"https:\/\/psp-wolka-tyrzynska.pl\/wp-content\/uploads\/2024\/12\/LOGO-RGB-WYSWIETLANIE-NA-URZADZENIACH.jpg\",\"contentUrl\":\"https:\/\/psp-wolka-tyrzynska.pl\/wp-content\/uploads\/2024\/12\/LOGO-RGB-WYSWIETLANIE-NA-URZADZENIACH.jpg\",\"width\":1181,\"height\":1181,\"caption\":\"PSP W W\u00d3LCE TYRZY\u0143SKIEJ\"},\"image\":{\"@id\":\"https:\/\/psp-wolka-tyrzynska.pl\/#\/schema\/logo\/image\/\"},\"sameAs\":[\"https:\/\/www.facebook.com\/profile.php?id=100057326564826&locale=pl_PL\"]}]}<\/script>\n<!-- \/ Yoast SEO plugin. -->","yoast_head_json":{"title":"K\u0105cik pedagoga i psychologa - PSP W W\u00d3LCE TYRZY\u0143SKIEJ","robots":{"index":"index","follow":"follow","max-snippet":"max-snippet:-1","max-image-preview":"max-image-preview:large","max-video-preview":"max-video-preview:-1"},"canonical":"https:\/\/psp-wolka-tyrzynska.pl\/?page_id=647","og_locale":"pl_PL","og_type":"article","og_title":"K\u0105cik pedagoga i psychologa - PSP W W\u00d3LCE TYRZY\u0143SKIEJ","og_url":"https:\/\/psp-wolka-tyrzynska.pl\/?page_id=647","og_site_name":"PSP W W\u00d3LCE TYRZY\u0143SKIEJ","article_publisher":"https:\/\/www.facebook.com\/profile.php?id=100057326564826&locale=pl_PL","article_modified_time":"2025-10-02T11:03:29+00:00","og_image":[{"url":"https:\/\/psp-wolka-tyrzynska.pl\/wp-content\/uploads\/2025\/09\/kacik-pedegog-psycholog5-1024x724.jpg","type":"","width":"","height":""}],"twitter_card":"summary_large_image","twitter_misc":{"Szacowany czas czytania":"2 minuty"},"schema":{"@context":"https:\/\/schema.org","@graph":[{"@type":"WebPage","@id":"https:\/\/psp-wolka-tyrzynska.pl\/?page_id=647","url":"https:\/\/psp-wolka-tyrzynska.pl\/?page_id=647","name":"K\u0105cik pedagoga i psychologa - PSP W W\u00d3LCE TYRZY\u0143SKIEJ","isPartOf":{"@id":"https:\/\/psp-wolka-tyrzynska.pl\/#website"},"primaryImageOfPage":{"@id":"https:\/\/psp-wolka-tyrzynska.pl\/?page_id=647#primaryimage"},"image":{"@id":"https:\/\/psp-wolka-tyrzynska.pl\/?page_id=647#primaryimage"},"thumbnailUrl":"https:\/\/psp-wolka-tyrzynska.pl\/wp-content\/uploads\/2025\/09\/kacik-pedegog-psycholog5-1024x724.jpg","datePublished":"2024-12-22T09:29:27+00:00","dateModified":"2025-10-02T11:03:29+00:00","breadcrumb":{"@id":"https:\/\/psp-wolka-tyrzynska.pl\/?page_id=647#breadcrumb"},"inLanguage":"pl-PL","potentialAction":[{"@type":"ReadAction","target":["https:\/\/psp-wolka-tyrzynska.pl\/?page_id=647"]}]},{"@type":"ImageObject","inLanguage":"pl-PL","@id":"https:\/\/psp-wolka-tyrzynska.pl\/?page_id=647#primaryimage","url":"https:\/\/psp-wolka-tyrzynska.pl\/wp-content\/uploads\/2025\/09\/kacik-pedegog-psycholog5.jpg","contentUrl":"https:\/\/psp-wolka-tyrzynska.pl\/wp-content\/uploads\/2025\/09\/kacik-pedegog-psycholog5.jpg","width":2048,"height":1448},{"@type":"BreadcrumbList","@id":"https:\/\/psp-wolka-tyrzynska.pl\/?page_id=647#breadcrumb","itemListElement":[{"@type":"ListItem","position":1,"name":"Home","item":"https:\/\/psp-wolka-tyrzynska.pl\/"},{"@type":"ListItem","position":2,"name":"K\u0105cik pedagoga i psychologa"}]},{"@type":"WebSite","@id":"https:\/\/psp-wolka-tyrzynska.pl\/#website","url":"https:\/\/psp-wolka-tyrzynska.pl\/","name":"PSP W W\u00d3LCE TYRZY\u0143SKIEJ","description":"","publisher":{"@id":"https:\/\/psp-wolka-tyrzynska.pl\/#organization"},"potentialAction":[{"@type":"SearchAction","target":{"@type":"EntryPoint","urlTemplate":"https:\/\/psp-wolka-tyrzynska.pl\/?s={search_term_string}"},"query-input":{"@type":"PropertyValueSpecification","valueRequired":true,"valueName":"search_term_string"}}],"inLanguage":"pl-PL"},{"@type":"Organization","@id":"https:\/\/psp-wolka-tyrzynska.pl\/#organization","name":"PSP W W\u00d3LCE TYRZY\u0143SKIEJ","url":"https:\/\/psp-wolka-tyrzynska.pl\/","logo":{"@type":"ImageObject","inLanguage":"pl-PL","@id":"https:\/\/psp-wolka-tyrzynska.pl\/#\/schema\/logo\/image\/","url":"https:\/\/psp-wolka-tyrzynska.pl\/wp-content\/uploads\/2024\/12\/LOGO-RGB-WYSWIETLANIE-NA-URZADZENIACH.jpg","contentUrl":"https:\/\/psp-wolka-tyrzynska.pl\/wp-content\/uploads\/2024\/12\/LOGO-RGB-WYSWIETLANIE-NA-URZADZENIACH.jpg","width":1181,"height":1181,"caption":"PSP W W\u00d3LCE TYRZY\u0143SKIEJ"},"image":{"@id":"https:\/\/psp-wolka-tyrzynska.pl\/#\/schema\/logo\/image\/"},"sameAs":["https:\/\/www.facebook.com\/profile.php?id=100057326564826&locale=pl_PL"]}]}},"uagb_featured_image_src":{"full":false,"thumbnail":false,"medium":false,"medium_large":false,"large":false,"1536x1536":false,"2048x2048":false,"depicter-thumbnail":false,"thumb-small":false,"thumb-standard":false,"thumb-medium":false,"thumb-large":false,"thumb-xlarge":false,"thumb-xxlarge":false},"uagb_author_info":{"display_name":"mcieslak_loguj","author_link":"https:\/\/psp-wolka-tyrzynska.pl\/?author=1"},"uagb_comment_info":0,"uagb_excerpt":null,"_links":{"self":[{"href":"https:\/\/psp-wolka-tyrzynska.pl\/index.php?rest_route=\/wp\/v2\/pages\/647","targetHints":{"allow":["GET"]}}],"collection":[{"href":"https:\/\/psp-wolka-tyrzynska.pl\/index.php?rest_route=\/wp\/v2\/pages"}],"about":[{"href":"https:\/\/psp-wolka-tyrzynska.pl\/index.php?rest_route=\/wp\/v2\/types\/page"}],"author":[{"embeddable":true,"href":"https:\/\/psp-wolka-tyrzynska.pl\/index.php?rest_route=\/wp\/v2\/users\/1"}],"replies":[{"embeddable":true,"href":"https:\/\/psp-wolka-tyrzynska.pl\/index.php?rest_route=%2Fwp%2Fv2%2Fcomments&post=647"}],"version-history":[{"count":19,"href":"https:\/\/psp-wolka-tyrzynska.pl\/index.php?rest_route=\/wp\/v2\/pages\/647\/revisions"}],"predecessor-version":[{"id":1436,"href":"https:\/\/psp-wolka-tyrzynska.pl\/index.php?rest_route=\/wp\/v2\/pages\/647\/revisions\/1436"}],"wp:attachment":[{"href":"https:\/\/psp-wolka-tyrzynska.pl\/index.php?rest_route=%2Fwp%2Fv2%2Fmedia&parent=647"}],"curies":[{"name":"wp","href":"https:\/\/api.w.org\/{rel}","templated":true}]}}