{"id":61,"date":"2024-10-28T20:00:13","date_gmt":"2024-10-28T19:00:13","guid":{"rendered":"https:\/\/psp-wolka-tyrzynska.pl\/?page_id=61"},"modified":"2024-12-08T18:37:34","modified_gmt":"2024-12-08T17:37:34","slug":"dokumenty-szkoly","status":"publish","type":"page","link":"https:\/\/psp-wolka-tyrzynska.pl\/?page_id=61","title":{"rendered":"Dokumenty szko\u0142y"},"content":{"rendered":"\t\t<div data-elementor-type=\"wp-page\" data-elementor-id=\"61\" class=\"elementor elementor-61\">\n\t\t\t\t<div class=\"elementor-element elementor-element-87f2c77 e-flex e-con-boxed e-con e-parent\" data-id=\"87f2c77\" data-element_type=\"container\" data-e-type=\"container\">\n\t\t\t\t\t<div class=\"e-con-inner\">\n\t\t\t\t<div class=\"elementor-element elementor-element-6ef42e7 elementor-align-left elementor-widget elementor-widget-button\" data-id=\"6ef42e7\" data-element_type=\"widget\" data-e-type=\"widget\" data-widget_type=\"button.default\">\n\t\t\t\t<div class=\"elementor-widget-container\">\n\t\t\t\t\t\t\t\t\t<div class=\"elementor-button-wrapper\">\n\t\t\t\t\t<a class=\"elementor-button elementor-button-link elementor-size-sm\" href=\"https:\/\/psp-wolka-tyrzynska.pl\/wp-content\/uploads\/2024\/12\/STATUT.pdf\" target=\"_blank\">\n\t\t\t\t\t\t<span class=\"elementor-button-content-wrapper\">\n\t\t\t\t\t\t\t\t\t<span class=\"elementor-button-text\">STATUT SZKO\u0141Y<\/span>\n\t\t\t\t\t<\/span>\n\t\t\t\t\t<\/a>\n\t\t\t\t<\/div>\n\t\t\t\t\t\t\t\t<\/div>\n\t\t\t\t<\/div>\n\t\t\t\t\t<\/div>\n\t\t\t\t<\/div>\n\t\t<div class=\"elementor-element elementor-element-48a1018 e-flex e-con-boxed e-con e-parent\" data-id=\"48a1018\" data-element_type=\"container\" data-e-type=\"container\">\n\t\t\t\t\t<div class=\"e-con-inner\">\n\t\t\t\t<div class=\"elementor-element elementor-element-cf2cd40 elementor-widget elementor-widget-button\" data-id=\"cf2cd40\" data-element_type=\"widget\" data-e-type=\"widget\" data-widget_type=\"button.default\">\n\t\t\t\t<div class=\"elementor-widget-container\">\n\t\t\t\t\t\t\t\t\t<div class=\"elementor-button-wrapper\">\n\t\t\t\t\t<a class=\"elementor-button elementor-button-link elementor-size-sm\" href=\"https:\/\/psp-wolka-tyrzynska.pl\/wp-content\/uploads\/2024\/12\/program-wych.prof_.2024-2025.pdf\" target=\"_blank\">\n\t\t\t\t\t\t<span class=\"elementor-button-content-wrapper\">\n\t\t\t\t\t\t\t\t\t<span class=\"elementor-button-text\">PROGRAM PROFILAKTYCZNO-WYCHOWAWCZY<\/span>\n\t\t\t\t\t<\/span>\n\t\t\t\t\t<\/a>\n\t\t\t\t<\/div>\n\t\t\t\t\t\t\t\t<\/div>\n\t\t\t\t<\/div>\n\t\t\t\t\t<\/div>\n\t\t\t\t<\/div>\n\t\t\t\t<\/div>\n\t\t","protected":false},"excerpt":{"rendered":"<p>STATUT SZKO\u0141Y PROGRAM PROFILAKTYCZNO-WYCHOWAWCZY<\/p>\n","protected":false},"author":1,"featured_media":0,"parent":0,"menu_order":0,"comment_status":"closed","ping_status":"closed","template":"","meta":{"_uag_custom_page_level_css":"","footnotes":""},"class_list":["post-61","page","type-page","status-publish","hentry"],"yoast_head":"<!-- This site is optimized with the Yoast SEO plugin v25.1 - https:\/\/yoast.com\/wordpress\/plugins\/seo\/ -->\n<title>Dokumenty szko\u0142y - PSP W W\u00d3LCE TYRZY\u0143SKIEJ<\/title>\n<meta name=\"robots\" content=\"index, follow, max-snippet:-1, max-image-preview:large, max-video-preview:-1\" \/>\n<link rel=\"canonical\" href=\"https:\/\/psp-wolka-tyrzynska.pl\/?page_id=61\" \/>\n<meta property=\"og:locale\" content=\"pl_PL\" \/>\n<meta property=\"og:type\" content=\"article\" \/>\n<meta property=\"og:title\" content=\"Dokumenty szko\u0142y - PSP W W\u00d3LCE TYRZY\u0143SKIEJ\" \/>\n<meta property=\"og:description\" content=\"STATUT SZKO\u0141Y PROGRAM PROFILAKTYCZNO-WYCHOWAWCZY\" \/>\n<meta property=\"og:url\" content=\"https:\/\/psp-wolka-tyrzynska.pl\/?page_id=61\" \/>\n<meta property=\"og:site_name\" content=\"PSP W W\u00d3LCE TYRZY\u0143SKIEJ\" \/>\n<meta property=\"article:publisher\" content=\"https:\/\/www.facebook.com\/profile.php?id=100057326564826&amp;locale=pl_PL\" \/>\n<meta property=\"article:modified_time\" content=\"2024-12-08T17:37:34+00:00\" \/>\n<meta name=\"twitter:card\" content=\"summary_large_image\" \/>\n<script type=\"application\/ld+json\" class=\"yoast-schema-graph\">{\"@context\":\"https:\/\/schema.org\",\"@graph\":[{\"@type\":\"WebPage\",\"@id\":\"https:\/\/psp-wolka-tyrzynska.pl\/?page_id=61\",\"url\":\"https:\/\/psp-wolka-tyrzynska.pl\/?page_id=61\",\"name\":\"Dokumenty szko\u0142y - PSP W W\u00d3LCE TYRZY\u0143SKIEJ\",\"isPartOf\":{\"@id\":\"https:\/\/psp-wolka-tyrzynska.pl\/#website\"},\"datePublished\":\"2024-10-28T19:00:13+00:00\",\"dateModified\":\"2024-12-08T17:37:34+00:00\",\"breadcrumb\":{\"@id\":\"https:\/\/psp-wolka-tyrzynska.pl\/?page_id=61#breadcrumb\"},\"inLanguage\":\"pl-PL\",\"potentialAction\":[{\"@type\":\"ReadAction\",\"target\":[\"https:\/\/psp-wolka-tyrzynska.pl\/?page_id=61\"]}]},{\"@type\":\"BreadcrumbList\",\"@id\":\"https:\/\/psp-wolka-tyrzynska.pl\/?page_id=61#breadcrumb\",\"itemListElement\":[{\"@type\":\"ListItem\",\"position\":1,\"name\":\"Home\",\"item\":\"https:\/\/psp-wolka-tyrzynska.pl\/\"},{\"@type\":\"ListItem\",\"position\":2,\"name\":\"Dokumenty szko\u0142y\"}]},{\"@type\":\"WebSite\",\"@id\":\"https:\/\/psp-wolka-tyrzynska.pl\/#website\",\"url\":\"https:\/\/psp-wolka-tyrzynska.pl\/\",\"name\":\"PSP W W\u00d3LCE TYRZY\u0143SKIEJ\",\"description\":\"\",\"publisher\":{\"@id\":\"https:\/\/psp-wolka-tyrzynska.pl\/#organization\"},\"potentialAction\":[{\"@type\":\"SearchAction\",\"target\":{\"@type\":\"EntryPoint\",\"urlTemplate\":\"https:\/\/psp-wolka-tyrzynska.pl\/?s={search_term_string}\"},\"query-input\":{\"@type\":\"PropertyValueSpecification\",\"valueRequired\":true,\"valueName\":\"search_term_string\"}}],\"inLanguage\":\"pl-PL\"},{\"@type\":\"Organization\",\"@id\":\"https:\/\/psp-wolka-tyrzynska.pl\/#organization\",\"name\":\"PSP W W\u00d3LCE TYRZY\u0143SKIEJ\",\"url\":\"https:\/\/psp-wolka-tyrzynska.pl\/\",\"logo\":{\"@type\":\"ImageObject\",\"inLanguage\":\"pl-PL\",\"@id\":\"https:\/\/psp-wolka-tyrzynska.pl\/#\/schema\/logo\/image\/\",\"url\":\"https:\/\/psp-wolka-tyrzynska.pl\/wp-content\/uploads\/2024\/12\/LOGO-RGB-WYSWIETLANIE-NA-URZADZENIACH.jpg\",\"contentUrl\":\"https:\/\/psp-wolka-tyrzynska.pl\/wp-content\/uploads\/2024\/12\/LOGO-RGB-WYSWIETLANIE-NA-URZADZENIACH.jpg\",\"width\":1181,\"height\":1181,\"caption\":\"PSP W W\u00d3LCE TYRZY\u0143SKIEJ\"},\"image\":{\"@id\":\"https:\/\/psp-wolka-tyrzynska.pl\/#\/schema\/logo\/image\/\"},\"sameAs\":[\"https:\/\/www.facebook.com\/profile.php?id=100057326564826&locale=pl_PL\"]}]}<\/script>\n<!-- \/ Yoast SEO plugin. -->","yoast_head_json":{"title":"Dokumenty szko\u0142y - PSP W W\u00d3LCE TYRZY\u0143SKIEJ","robots":{"index":"index","follow":"follow","max-snippet":"max-snippet:-1","max-image-preview":"max-image-preview:large","max-video-preview":"max-video-preview:-1"},"canonical":"https:\/\/psp-wolka-tyrzynska.pl\/?page_id=61","og_locale":"pl_PL","og_type":"article","og_title":"Dokumenty szko\u0142y - PSP W W\u00d3LCE TYRZY\u0143SKIEJ","og_description":"STATUT SZKO\u0141Y PROGRAM PROFILAKTYCZNO-WYCHOWAWCZY","og_url":"https:\/\/psp-wolka-tyrzynska.pl\/?page_id=61","og_site_name":"PSP W W\u00d3LCE TYRZY\u0143SKIEJ","article_publisher":"https:\/\/www.facebook.com\/profile.php?id=100057326564826&locale=pl_PL","article_modified_time":"2024-12-08T17:37:34+00:00","twitter_card":"summary_large_image","schema":{"@context":"https:\/\/schema.org","@graph":[{"@type":"WebPage","@id":"https:\/\/psp-wolka-tyrzynska.pl\/?page_id=61","url":"https:\/\/psp-wolka-tyrzynska.pl\/?page_id=61","name":"Dokumenty szko\u0142y - PSP W W\u00d3LCE TYRZY\u0143SKIEJ","isPartOf":{"@id":"https:\/\/psp-wolka-tyrzynska.pl\/#website"},"datePublished":"2024-10-28T19:00:13+00:00","dateModified":"2024-12-08T17:37:34+00:00","breadcrumb":{"@id":"https:\/\/psp-wolka-tyrzynska.pl\/?page_id=61#breadcrumb"},"inLanguage":"pl-PL","potentialAction":[{"@type":"ReadAction","target":["https:\/\/psp-wolka-tyrzynska.pl\/?page_id=61"]}]},{"@type":"BreadcrumbList","@id":"https:\/\/psp-wolka-tyrzynska.pl\/?page_id=61#breadcrumb","itemListElement":[{"@type":"ListItem","position":1,"name":"Home","item":"https:\/\/psp-wolka-tyrzynska.pl\/"},{"@type":"ListItem","position":2,"name":"Dokumenty szko\u0142y"}]},{"@type":"WebSite","@id":"https:\/\/psp-wolka-tyrzynska.pl\/#website","url":"https:\/\/psp-wolka-tyrzynska.pl\/","name":"PSP W W\u00d3LCE TYRZY\u0143SKIEJ","description":"","publisher":{"@id":"https:\/\/psp-wolka-tyrzynska.pl\/#organization"},"potentialAction":[{"@type":"SearchAction","target":{"@type":"EntryPoint","urlTemplate":"https:\/\/psp-wolka-tyrzynska.pl\/?s={search_term_string}"},"query-input":{"@type":"PropertyValueSpecification","valueRequired":true,"valueName":"search_term_string"}}],"inLanguage":"pl-PL"},{"@type":"Organization","@id":"https:\/\/psp-wolka-tyrzynska.pl\/#organization","name":"PSP W W\u00d3LCE TYRZY\u0143SKIEJ","url":"https:\/\/psp-wolka-tyrzynska.pl\/","logo":{"@type":"ImageObject","inLanguage":"pl-PL","@id":"https:\/\/psp-wolka-tyrzynska.pl\/#\/schema\/logo\/image\/","url":"https:\/\/psp-wolka-tyrzynska.pl\/wp-content\/uploads\/2024\/12\/LOGO-RGB-WYSWIETLANIE-NA-URZADZENIACH.jpg","contentUrl":"https:\/\/psp-wolka-tyrzynska.pl\/wp-content\/uploads\/2024\/12\/LOGO-RGB-WYSWIETLANIE-NA-URZADZENIACH.jpg","width":1181,"height":1181,"caption":"PSP W W\u00d3LCE TYRZY\u0143SKIEJ"},"image":{"@id":"https:\/\/psp-wolka-tyrzynska.pl\/#\/schema\/logo\/image\/"},"sameAs":["https:\/\/www.facebook.com\/profile.php?id=100057326564826&locale=pl_PL"]}]}},"uagb_featured_image_src":{"full":false,"thumbnail":false,"medium":false,"medium_large":false,"large":false,"1536x1536":false,"2048x2048":false,"depicter-thumbnail":false,"thumb-small":false,"thumb-standard":false,"thumb-medium":false,"thumb-large":false,"thumb-xlarge":false,"thumb-xxlarge":false},"uagb_author_info":{"display_name":"mcieslak_loguj","author_link":"https:\/\/psp-wolka-tyrzynska.pl\/?author=1"},"uagb_comment_info":0,"uagb_excerpt":"STATUT SZKO\u0141Y PROGRAM PROFILAKTYCZNO-WYCHOWAWCZY","_links":{"self":[{"href":"https:\/\/psp-wolka-tyrzynska.pl\/index.php?rest_route=\/wp\/v2\/pages\/61","targetHints":{"allow":["GET"]}}],"collection":[{"href":"https:\/\/psp-wolka-tyrzynska.pl\/index.php?rest_route=\/wp\/v2\/pages"}],"about":[{"href":"https:\/\/psp-wolka-tyrzynska.pl\/index.php?rest_route=\/wp\/v2\/types\/page"}],"author":[{"embeddable":true,"href":"https:\/\/psp-wolka-tyrzynska.pl\/index.php?rest_route=\/wp\/v2\/users\/1"}],"replies":[{"embeddable":true,"href":"https:\/\/psp-wolka-tyrzynska.pl\/index.php?rest_route=%2Fwp%2Fv2%2Fcomments&post=61"}],"version-history":[{"count":24,"href":"https:\/\/psp-wolka-tyrzynska.pl\/index.php?rest_route=\/wp\/v2\/pages\/61\/revisions"}],"predecessor-version":[{"id":569,"href":"https:\/\/psp-wolka-tyrzynska.pl\/index.php?rest_route=\/wp\/v2\/pages\/61\/revisions\/569"}],"wp:attachment":[{"href":"https:\/\/psp-wolka-tyrzynska.pl\/index.php?rest_route=%2Fwp%2Fv2%2Fmedia&parent=61"}],"curies":[{"name":"wp","href":"https:\/\/api.w.org\/{rel}","templated":true}]}}