{"id":475,"date":"2024-12-08T18:49:51","date_gmt":"2024-12-08T17:49:51","guid":{"rendered":"https:\/\/psp-wolka-tyrzynska.pl\/?page_id=475"},"modified":"2025-09-09T19:22:20","modified_gmt":"2025-09-09T17:22:20","slug":"kadra","status":"publish","type":"page","link":"https:\/\/psp-wolka-tyrzynska.pl\/?page_id=475","title":{"rendered":"Kadra"},"content":{"rendered":"\t\t<div data-elementor-type=\"wp-page\" data-elementor-id=\"475\" class=\"elementor elementor-475\">\n\t\t\t\t<div class=\"elementor-element elementor-element-365a981e e-flex e-con-boxed e-con e-parent\" data-id=\"365a981e\" data-element_type=\"container\" data-e-type=\"container\">\n\t\t\t\t\t<div class=\"e-con-inner\">\n\t\t\t\t<div class=\"elementor-element elementor-element-2706adc1 elementor-widget__width-initial elementor-widget elementor-widget-text-editor\" data-id=\"2706adc1\" data-element_type=\"widget\" data-e-type=\"widget\" data-widget_type=\"text-editor.default\">\n\t\t\t\t<div class=\"elementor-widget-container\">\n\t\t\t\t\t\t\t\t\t<figure class=\"wp-block-table alignleft\">\n<table class=\"has-fixed-layout\" style=\"height: 735px;\" width=\"575\">\n<tbody>\n<tr>\n<td style=\"text-align: center;\">\n<h4><span style=\"color: #008000;\"><strong>Nauczyciel<\/strong><\/span><\/h4>\n<\/td>\n<td>\n<h4><span style=\"color: #008000;\"><strong>Przedmiot<\/strong><\/span><\/h4>\n<\/td>\n<\/tr>\n<tr>\n<td style=\"text-align: center;\"><strong>Robert Wrzosek &#8211; dyrektor<\/strong><\/td>\n<td style=\"text-align: center;\"><strong>historia, EDB<\/strong><\/td>\n<\/tr>\n<tr>\n<td><strong>Marzanna Cicho\u0144ska<\/strong><\/td>\n<td><strong>logopedia<\/strong><\/td>\n<\/tr>\n<tr>\n<td><strong>Mariusz Cie\u015blak<\/strong><\/td>\n<td><strong>informatyka<\/strong><\/td>\n<\/tr>\n<tr>\n<td><strong>Eliza Gola-Chrapek<\/strong><\/td>\n<td><strong>psycholog<\/strong><\/td>\n<\/tr>\n<tr>\n<td><strong>Ma\u0142gorzata G\u0142uszek<\/strong><\/td>\n<td><strong>religia, edukacja zdrowotna, biologia, przyroda, technika, \u015bwietlica<\/strong><\/td>\n<\/tr>\n<tr>\n<td><strong>Ma\u0142gorzata Latos<\/strong><\/td>\n<td><strong>ed. wczesnoszkolna<\/strong><\/td>\n<\/tr>\n<tr>\n<td><strong>Dorota Mioduszewska<\/strong><\/td>\n<td><strong>j. polski<\/strong><\/td>\n<\/tr>\n<tr>\n<td><strong>Kamila Nowakowska<\/strong><\/td>\n<td><strong>j. angielski, doradztwo zawodowe<\/strong><\/td>\n<\/tr>\n<tr>\n<td><strong>Joanna Panecka<\/strong><\/td>\n<td><strong>matematyka, chemia<\/strong><\/td>\n<\/tr>\n<tr>\n<td><strong>Ewa Pawlik<\/strong><\/td>\n<td><strong>ed. wczesnoszkolna, \u015bwietlica<\/strong><\/td>\n<\/tr>\n<tr>\n<td><strong>Karolina Rajchel<\/strong><\/td>\n<td><strong>pedagog specjalny<\/strong><\/td>\n<\/tr>\n<tr>\n<td><b>Wiktoria Wr\u00f3bel<\/b><\/td>\n<td><strong>wychowanie fizyczne, SKS<\/strong><\/td>\n<\/tr>\n<tr>\n<td><strong>Ewelina Skwira<\/strong><\/td>\n<td><strong>muzyka, plastyka, \u015bwietlica<\/strong><\/td>\n<\/tr>\n<tr>\n<td><strong>Rafa\u0142 Sucherman<\/strong><\/td>\n<td><strong>geografia, WOS<\/strong><\/td>\n<\/tr>\n<tr>\n<td><strong>Dorota Szczepkowska-\u015amietanka<\/strong><\/td>\n<td><strong>j. niemiecki<\/strong><\/td>\n<\/tr>\n<tr>\n<td style=\"text-align: center;\"><strong>Urszula Szersze\u0144<\/strong><\/td>\n<td><strong>fizyka<\/strong><\/td>\n<\/tr>\n<tr>\n<td style=\"text-align: center;\"><strong>Ma\u0142gorzata W\u00f3jtowicz<\/strong><\/td>\n<td><strong>wychowanie przedszkolne<\/strong><\/td>\n<\/tr>\n<tr>\n<td><strong>Wioletta Wr\u00f3blewska<\/strong><\/td>\n<td><strong>ed. wczesnoszkolna, biblioteka, \u015bwietlica<\/strong><\/td>\n<\/tr>\n<\/tbody>\n<\/table>\n<\/figure>\n<p><!-- \/wp:table --><!-- wp:paragraph --><\/p>\n<p><!-- \/wp:paragraph --><\/p>\t\t\t\t\t\t\t\t<\/div>\n\t\t\t\t<\/div>\n\t\t\t\t\t<\/div>\n\t\t\t\t<\/div>\n\t\t\t\t<\/div>\n\t\t","protected":false},"excerpt":{"rendered":"<p>Nauczyciel Przedmiot Robert Wrzosek &#8211; dyrektor historia, EDB Marzanna Cicho\u0144ska logopedia Mariusz Cie\u015blak informatyka Eliza Gola-Chrapek psycholog Ma\u0142gorzata G\u0142uszek religia, edukacja zdrowotna, biologia, przyroda, technika, \u015bwietlica Ma\u0142gorzata Latos ed. wczesnoszkolna Dorota Mioduszewska j. polski&#46;&#46;&#46;<\/p>\n","protected":false},"author":1,"featured_media":0,"parent":0,"menu_order":0,"comment_status":"closed","ping_status":"closed","template":"","meta":{"_uag_custom_page_level_css":"","footnotes":""},"class_list":["post-475","page","type-page","status-publish","hentry"],"yoast_head":"<!-- This site is optimized with the Yoast SEO plugin v25.1 - https:\/\/yoast.com\/wordpress\/plugins\/seo\/ -->\n<title>Kadra - PSP W W\u00d3LCE TYRZY\u0143SKIEJ<\/title>\n<meta name=\"robots\" content=\"index, follow, max-snippet:-1, max-image-preview:large, max-video-preview:-1\" \/>\n<link rel=\"canonical\" href=\"https:\/\/psp-wolka-tyrzynska.pl\/?page_id=475\" \/>\n<meta property=\"og:locale\" content=\"pl_PL\" \/>\n<meta property=\"og:type\" content=\"article\" \/>\n<meta property=\"og:title\" content=\"Kadra - PSP W W\u00d3LCE TYRZY\u0143SKIEJ\" \/>\n<meta property=\"og:description\" content=\"Nauczyciel Przedmiot Robert Wrzosek &#8211; dyrektor historia, EDB Marzanna Cicho\u0144ska logopedia Mariusz Cie\u015blak informatyka Eliza Gola-Chrapek psycholog Ma\u0142gorzata G\u0142uszek religia, edukacja zdrowotna, biologia, przyroda, technika, \u015bwietlica Ma\u0142gorzata Latos ed. wczesnoszkolna Dorota Mioduszewska j. polski&#046;&#046;&#046;\" \/>\n<meta property=\"og:url\" content=\"https:\/\/psp-wolka-tyrzynska.pl\/?page_id=475\" \/>\n<meta property=\"og:site_name\" content=\"PSP W W\u00d3LCE TYRZY\u0143SKIEJ\" \/>\n<meta property=\"article:publisher\" content=\"https:\/\/www.facebook.com\/profile.php?id=100057326564826&amp;locale=pl_PL\" \/>\n<meta property=\"article:modified_time\" content=\"2025-09-09T17:22:20+00:00\" \/>\n<meta name=\"twitter:card\" content=\"summary_large_image\" \/>\n<meta name=\"twitter:label1\" content=\"Szacowany czas czytania\" \/>\n\t<meta name=\"twitter:data1\" content=\"1 minuta\" \/>\n<script type=\"application\/ld+json\" class=\"yoast-schema-graph\">{\"@context\":\"https:\/\/schema.org\",\"@graph\":[{\"@type\":\"WebPage\",\"@id\":\"https:\/\/psp-wolka-tyrzynska.pl\/?page_id=475\",\"url\":\"https:\/\/psp-wolka-tyrzynska.pl\/?page_id=475\",\"name\":\"Kadra - PSP W W\u00d3LCE TYRZY\u0143SKIEJ\",\"isPartOf\":{\"@id\":\"https:\/\/psp-wolka-tyrzynska.pl\/#website\"},\"datePublished\":\"2024-12-08T17:49:51+00:00\",\"dateModified\":\"2025-09-09T17:22:20+00:00\",\"breadcrumb\":{\"@id\":\"https:\/\/psp-wolka-tyrzynska.pl\/?page_id=475#breadcrumb\"},\"inLanguage\":\"pl-PL\",\"potentialAction\":[{\"@type\":\"ReadAction\",\"target\":[\"https:\/\/psp-wolka-tyrzynska.pl\/?page_id=475\"]}]},{\"@type\":\"BreadcrumbList\",\"@id\":\"https:\/\/psp-wolka-tyrzynska.pl\/?page_id=475#breadcrumb\",\"itemListElement\":[{\"@type\":\"ListItem\",\"position\":1,\"name\":\"Home\",\"item\":\"https:\/\/psp-wolka-tyrzynska.pl\/\"},{\"@type\":\"ListItem\",\"position\":2,\"name\":\"Kadra\"}]},{\"@type\":\"WebSite\",\"@id\":\"https:\/\/psp-wolka-tyrzynska.pl\/#website\",\"url\":\"https:\/\/psp-wolka-tyrzynska.pl\/\",\"name\":\"PSP W W\u00d3LCE TYRZY\u0143SKIEJ\",\"description\":\"\",\"publisher\":{\"@id\":\"https:\/\/psp-wolka-tyrzynska.pl\/#organization\"},\"potentialAction\":[{\"@type\":\"SearchAction\",\"target\":{\"@type\":\"EntryPoint\",\"urlTemplate\":\"https:\/\/psp-wolka-tyrzynska.pl\/?s={search_term_string}\"},\"query-input\":{\"@type\":\"PropertyValueSpecification\",\"valueRequired\":true,\"valueName\":\"search_term_string\"}}],\"inLanguage\":\"pl-PL\"},{\"@type\":\"Organization\",\"@id\":\"https:\/\/psp-wolka-tyrzynska.pl\/#organization\",\"name\":\"PSP W W\u00d3LCE TYRZY\u0143SKIEJ\",\"url\":\"https:\/\/psp-wolka-tyrzynska.pl\/\",\"logo\":{\"@type\":\"ImageObject\",\"inLanguage\":\"pl-PL\",\"@id\":\"https:\/\/psp-wolka-tyrzynska.pl\/#\/schema\/logo\/image\/\",\"url\":\"https:\/\/psp-wolka-tyrzynska.pl\/wp-content\/uploads\/2024\/12\/LOGO-RGB-WYSWIETLANIE-NA-URZADZENIACH.jpg\",\"contentUrl\":\"https:\/\/psp-wolka-tyrzynska.pl\/wp-content\/uploads\/2024\/12\/LOGO-RGB-WYSWIETLANIE-NA-URZADZENIACH.jpg\",\"width\":1181,\"height\":1181,\"caption\":\"PSP W W\u00d3LCE TYRZY\u0143SKIEJ\"},\"image\":{\"@id\":\"https:\/\/psp-wolka-tyrzynska.pl\/#\/schema\/logo\/image\/\"},\"sameAs\":[\"https:\/\/www.facebook.com\/profile.php?id=100057326564826&locale=pl_PL\"]}]}<\/script>\n<!-- \/ Yoast SEO plugin. -->","yoast_head_json":{"title":"Kadra - PSP W W\u00d3LCE TYRZY\u0143SKIEJ","robots":{"index":"index","follow":"follow","max-snippet":"max-snippet:-1","max-image-preview":"max-image-preview:large","max-video-preview":"max-video-preview:-1"},"canonical":"https:\/\/psp-wolka-tyrzynska.pl\/?page_id=475","og_locale":"pl_PL","og_type":"article","og_title":"Kadra - PSP W W\u00d3LCE TYRZY\u0143SKIEJ","og_description":"Nauczyciel Przedmiot Robert Wrzosek &#8211; dyrektor historia, EDB Marzanna Cicho\u0144ska logopedia Mariusz Cie\u015blak informatyka Eliza Gola-Chrapek psycholog Ma\u0142gorzata G\u0142uszek religia, edukacja zdrowotna, biologia, przyroda, technika, \u015bwietlica Ma\u0142gorzata Latos ed. wczesnoszkolna Dorota Mioduszewska j. polski&#46;&#46;&#46;","og_url":"https:\/\/psp-wolka-tyrzynska.pl\/?page_id=475","og_site_name":"PSP W W\u00d3LCE TYRZY\u0143SKIEJ","article_publisher":"https:\/\/www.facebook.com\/profile.php?id=100057326564826&locale=pl_PL","article_modified_time":"2025-09-09T17:22:20+00:00","twitter_card":"summary_large_image","twitter_misc":{"Szacowany czas czytania":"1 minuta"},"schema":{"@context":"https:\/\/schema.org","@graph":[{"@type":"WebPage","@id":"https:\/\/psp-wolka-tyrzynska.pl\/?page_id=475","url":"https:\/\/psp-wolka-tyrzynska.pl\/?page_id=475","name":"Kadra - PSP W W\u00d3LCE TYRZY\u0143SKIEJ","isPartOf":{"@id":"https:\/\/psp-wolka-tyrzynska.pl\/#website"},"datePublished":"2024-12-08T17:49:51+00:00","dateModified":"2025-09-09T17:22:20+00:00","breadcrumb":{"@id":"https:\/\/psp-wolka-tyrzynska.pl\/?page_id=475#breadcrumb"},"inLanguage":"pl-PL","potentialAction":[{"@type":"ReadAction","target":["https:\/\/psp-wolka-tyrzynska.pl\/?page_id=475"]}]},{"@type":"BreadcrumbList","@id":"https:\/\/psp-wolka-tyrzynska.pl\/?page_id=475#breadcrumb","itemListElement":[{"@type":"ListItem","position":1,"name":"Home","item":"https:\/\/psp-wolka-tyrzynska.pl\/"},{"@type":"ListItem","position":2,"name":"Kadra"}]},{"@type":"WebSite","@id":"https:\/\/psp-wolka-tyrzynska.pl\/#website","url":"https:\/\/psp-wolka-tyrzynska.pl\/","name":"PSP W W\u00d3LCE TYRZY\u0143SKIEJ","description":"","publisher":{"@id":"https:\/\/psp-wolka-tyrzynska.pl\/#organization"},"potentialAction":[{"@type":"SearchAction","target":{"@type":"EntryPoint","urlTemplate":"https:\/\/psp-wolka-tyrzynska.pl\/?s={search_term_string}"},"query-input":{"@type":"PropertyValueSpecification","valueRequired":true,"valueName":"search_term_string"}}],"inLanguage":"pl-PL"},{"@type":"Organization","@id":"https:\/\/psp-wolka-tyrzynska.pl\/#organization","name":"PSP W W\u00d3LCE TYRZY\u0143SKIEJ","url":"https:\/\/psp-wolka-tyrzynska.pl\/","logo":{"@type":"ImageObject","inLanguage":"pl-PL","@id":"https:\/\/psp-wolka-tyrzynska.pl\/#\/schema\/logo\/image\/","url":"https:\/\/psp-wolka-tyrzynska.pl\/wp-content\/uploads\/2024\/12\/LOGO-RGB-WYSWIETLANIE-NA-URZADZENIACH.jpg","contentUrl":"https:\/\/psp-wolka-tyrzynska.pl\/wp-content\/uploads\/2024\/12\/LOGO-RGB-WYSWIETLANIE-NA-URZADZENIACH.jpg","width":1181,"height":1181,"caption":"PSP W W\u00d3LCE TYRZY\u0143SKIEJ"},"image":{"@id":"https:\/\/psp-wolka-tyrzynska.pl\/#\/schema\/logo\/image\/"},"sameAs":["https:\/\/www.facebook.com\/profile.php?id=100057326564826&locale=pl_PL"]}]}},"uagb_featured_image_src":{"full":false,"thumbnail":false,"medium":false,"medium_large":false,"large":false,"1536x1536":false,"2048x2048":false,"depicter-thumbnail":false,"thumb-small":false,"thumb-standard":false,"thumb-medium":false,"thumb-large":false,"thumb-xlarge":false,"thumb-xxlarge":false},"uagb_author_info":{"display_name":"mcieslak_loguj","author_link":"https:\/\/psp-wolka-tyrzynska.pl\/?author=1"},"uagb_comment_info":0,"uagb_excerpt":"Nauczyciel Przedmiot Robert Wrzosek &#8211; dyrektor historia, EDB Marzanna Cicho\u0144ska logopedia Mariusz Cie\u015blak informatyka Eliza Gola-Chrapek psycholog Ma\u0142gorzata G\u0142uszek religia, edukacja zdrowotna, biologia, przyroda, technika, \u015bwietlica Ma\u0142gorzata Latos ed. wczesnoszkolna Dorota Mioduszewska j. polski&#46;&#46;&#46;","_links":{"self":[{"href":"https:\/\/psp-wolka-tyrzynska.pl\/index.php?rest_route=\/wp\/v2\/pages\/475","targetHints":{"allow":["GET"]}}],"collection":[{"href":"https:\/\/psp-wolka-tyrzynska.pl\/index.php?rest_route=\/wp\/v2\/pages"}],"about":[{"href":"https:\/\/psp-wolka-tyrzynska.pl\/index.php?rest_route=\/wp\/v2\/types\/page"}],"author":[{"embeddable":true,"href":"https:\/\/psp-wolka-tyrzynska.pl\/index.php?rest_route=\/wp\/v2\/users\/1"}],"replies":[{"embeddable":true,"href":"https:\/\/psp-wolka-tyrzynska.pl\/index.php?rest_route=%2Fwp%2Fv2%2Fcomments&post=475"}],"version-history":[{"count":79,"href":"https:\/\/psp-wolka-tyrzynska.pl\/index.php?rest_route=\/wp\/v2\/pages\/475\/revisions"}],"predecessor-version":[{"id":1359,"href":"https:\/\/psp-wolka-tyrzynska.pl\/index.php?rest_route=\/wp\/v2\/pages\/475\/revisions\/1359"}],"wp:attachment":[{"href":"https:\/\/psp-wolka-tyrzynska.pl\/index.php?rest_route=%2Fwp%2Fv2%2Fmedia&parent=475"}],"curies":[{"name":"wp","href":"https:\/\/api.w.org\/{rel}","templated":true}]}}