{"id":440,"date":"2024-12-06T11:13:25","date_gmt":"2024-12-06T10:13:25","guid":{"rendered":"https:\/\/psp-wolka-tyrzynska.pl\/?page_id=440"},"modified":"2025-10-26T19:32:59","modified_gmt":"2025-10-26T18:32:59","slug":"programy","status":"publish","type":"page","link":"https:\/\/psp-wolka-tyrzynska.pl\/?page_id=440","title":{"rendered":"Projekty"},"content":{"rendered":"\n<div class=\"wp-block-uagb-container uagb-block-e0c9e137 alignfull uagb-is-root-container\"><div class=\"uagb-container-inner-blocks-wrap\">\n<div class=\"wp-block-uagb-advanced-heading uagb-block-a1bb3008\"><h2 class=\"uagb-heading-text\">Zabawa sztuk\u0105<\/h2><\/div>\n<\/div><\/div>\n\n\n\n<div class=\"wp-block-uagb-container uagb-block-14c8b15c alignfull uagb-is-root-container\"><div class=\"uagb-container-inner-blocks-wrap\">\n<div class=\"wp-block-uagb-container uagb-block-f1f1faa0\">\n<div class=\"wp-block-uagb-image uagb-block-2ccf0f14 wp-block-uagb-image--layout-default wp-block-uagb-image--effect-static wp-block-uagb-image--align-none\"><figure class=\"wp-block-uagb-image__figure\"><img loading=\"lazy\" decoding=\"async\" srcset=\"https:\/\/psp-wolka-tyrzynska.pl\/wp-content\/uploads\/2025\/09\/1686ea59-7620-4d27-a108-7facc02c9032-724x1024.jpg ,https:\/\/psp-wolka-tyrzynska.pl\/wp-content\/uploads\/2025\/09\/1686ea59-7620-4d27-a108-7facc02c9032.jpg 780w, https:\/\/psp-wolka-tyrzynska.pl\/wp-content\/uploads\/2025\/09\/1686ea59-7620-4d27-a108-7facc02c9032.jpg 360w\" sizes=\"auto, (max-width: 480px) 150px\" src=\"https:\/\/psp-wolka-tyrzynska.pl\/wp-content\/uploads\/2025\/09\/1686ea59-7620-4d27-a108-7facc02c9032-724x1024.jpg\" alt=\"\" class=\"uag-image-1383\" width=\"281\" height=\"397\" title=\"1686ea59-7620-4d27-a108-7facc02c9032\" loading=\"lazy\" role=\"img\"\/><\/figure><\/div>\n<\/div>\n\n\n\n<div class=\"wp-block-uagb-container uagb-block-244f61b6\">\n<p><strong>Og\u00f3lnopolski Projekt Edukacyjny \u201eZabawa sztuk\u0105\u201d <\/strong>to po\u0142\u0105czenie zabawy, sztuki i nauki. G\u0142\u00f3wnym celem projektu jest propagowanie sztuki w korelacji z kompetencjami kluczowymi oraz zgodnie z za\u0142o\u017ceniami pedagogiki freblowskiej. Bohaterowie Leo i Lisa ponownie zabior\u0105 dzieci w \u015bwiat sztuki. Sk\u0105d pomys\u0142 na ich imiona? Leo nawi\u0105zuje do Leonardo da Vinci. Lisa to odwo\u0142anie do obrazu Mona Lisa. Nale\u017cy doda\u0107, \u017ce sztuka jest niesamowicie terapeutyczna, uczy wra\u017cliwo\u015bci, innego spojrzenia na \u015bwiat, a cz\u0119sto nawet wsp\u00f3\u0142pracy. W naszej szkole projekt jest realizowany od wrze\u015bnia do kwietnia w oddziale przedszkolnym i klasach I-VIII.<\/p>\n<\/div>\n<\/div><\/div>\n\n\n\n<div class=\"wp-block-uagb-container uagb-block-54bbe08b alignfull uagb-is-root-container\"><div class=\"uagb-container-inner-blocks-wrap\">\n<div class=\"wp-block-uagb-advanced-heading uagb-block-cdfc6378\"><h2 class=\"uagb-heading-text\">Trzymaj form\u0119<\/h2><\/div>\n<\/div><\/div>\n\n\n\n<div class=\"wp-block-uagb-container uagb-block-e83ebe23 alignfull uagb-is-root-container\"><div class=\"uagb-container-inner-blocks-wrap\">\n<div class=\"wp-block-uagb-container uagb-block-b37ff872\">\n<div class=\"wp-block-uagb-image uagb-block-79e5c97c wp-block-uagb-image--layout-default wp-block-uagb-image--effect-static wp-block-uagb-image--align-none\"><figure class=\"wp-block-uagb-image__figure\"><img loading=\"lazy\" decoding=\"async\" srcset=\"https:\/\/psp-wolka-tyrzynska.pl\/wp-content\/uploads\/2025\/10\/trzymaj-forme2-724x1024.jpg ,https:\/\/psp-wolka-tyrzynska.pl\/wp-content\/uploads\/2025\/10\/trzymaj-forme2.jpg 780w, https:\/\/psp-wolka-tyrzynska.pl\/wp-content\/uploads\/2025\/10\/trzymaj-forme2.jpg 360w\" sizes=\"auto, (max-width: 480px) 150px\" src=\"https:\/\/psp-wolka-tyrzynska.pl\/wp-content\/uploads\/2025\/10\/trzymaj-forme2-724x1024.jpg\" alt=\"\" class=\"uag-image-1437\" width=\"281\" height=\"397\" title=\"trzymaj forme2\" loading=\"lazy\" role=\"img\"\/><\/figure><\/div>\n<\/div>\n\n\n\n<div class=\"wp-block-uagb-container uagb-block-5b519a03\">\n<div class=\"my_title\"><strong>Program\u00a0<span class=\"color_orange\">&#8222;Trzymaj Form\u0119!&#8221;<\/span>\u00a0<\/strong>pomaga rozwija\u0107 zainteresowania uczni\u00f3w i kszta\u0142tuje ich prozdrowotne nawyki.<\/div>\n<div class=\"my_text\">Realizowany jest metod\u0105 projektu, dzi\u0119ki czemu wykracza poza podstaw\u0119 programow\u0105 i programy nauczania szko\u0142y. Projekty powinny s\u0142u\u017cy\u0107 promocji aktywno\u015bci fizycznej, uczy\u0107 prawid\u0142owego, czyli zr\u00f3\u017cnicowanego i zbilansowanego sposobu od\u017cywiania si\u0119 dzieci i m\u0142odzie\u017cy, ze szczeg\u00f3\u0142owym uwzgl\u0119dnieniem odpowiedzialno\u015bci indywidualnej za zdrowie i zasady wolnego wyboru.<\/div>\n<\/div>\n<\/div><\/div>\n\n\n\n<div class=\"wp-block-uagb-container uagb-block-33843cf4 alignfull uagb-is-root-container\"><div class=\"uagb-container-inner-blocks-wrap\">\n<div class=\"wp-block-uagb-advanced-heading uagb-block-437acf94\"><h2 class=\"uagb-heading-text\">Misja czas-start<\/h2><\/div>\n<\/div><\/div>\n\n\n\n<div class=\"wp-block-uagb-container uagb-block-7380abb0 alignfull uagb-is-root-container\"><div class=\"uagb-container-inner-blocks-wrap\">\n<div class=\"wp-block-uagb-container uagb-block-332cb642\">\n<div class=\"wp-block-uagb-image uagb-block-4c8e4907 wp-block-uagb-image--layout-default wp-block-uagb-image--effect-static wp-block-uagb-image--align-none\"><figure class=\"wp-block-uagb-image__figure\"><img loading=\"lazy\" decoding=\"async\" srcset=\"https:\/\/psp-wolka-tyrzynska.pl\/wp-content\/uploads\/2025\/10\/misja-czas-start-724x1024.jpg ,https:\/\/psp-wolka-tyrzynska.pl\/wp-content\/uploads\/2025\/10\/misja-czas-start.jpg 780w, https:\/\/psp-wolka-tyrzynska.pl\/wp-content\/uploads\/2025\/10\/misja-czas-start.jpg 360w\" sizes=\"auto, (max-width: 480px) 150px\" src=\"https:\/\/psp-wolka-tyrzynska.pl\/wp-content\/uploads\/2025\/10\/misja-czas-start-724x1024.jpg\" alt=\"\" class=\"uag-image-1653\" width=\"724\" height=\"1024\" title=\"misja czas-start\" loading=\"lazy\" role=\"img\"\/><\/figure><\/div>\n<\/div>\n\n\n\n<div class=\"wp-block-uagb-container uagb-block-1ebab751\"><\/div>\n<\/div><\/div>\n\n\n\n<div class=\"wp-block-uagb-container uagb-block-614c0bb3 alignfull uagb-is-root-container\"><div class=\"uagb-container-inner-blocks-wrap\">\n<div class=\"wp-block-uagb-advanced-heading uagb-block-04158a2f\"><h2 class=\"uagb-heading-text\">Sieciaki.pl<\/h2><\/div>\n<\/div><\/div>\n\n\n\n<div class=\"wp-block-uagb-container uagb-block-84bea9d0 alignfull uagb-is-root-container\"><div class=\"uagb-container-inner-blocks-wrap\">\n<div class=\"wp-block-uagb-container uagb-block-971d3295\">\n<div class=\"wp-block-uagb-image uagb-block-27604520 wp-block-uagb-image--layout-default wp-block-uagb-image--effect-static wp-block-uagb-image--align-none\"><figure class=\"wp-block-uagb-image__figure\"><img loading=\"lazy\" decoding=\"async\" srcset=\"https:\/\/psp-wolka-tyrzynska.pl\/wp-content\/uploads\/2025\/10\/sieciaki3-724x1024.jpg ,https:\/\/psp-wolka-tyrzynska.pl\/wp-content\/uploads\/2025\/10\/sieciaki3.jpg 780w, https:\/\/psp-wolka-tyrzynska.pl\/wp-content\/uploads\/2025\/10\/sieciaki3.jpg 360w\" sizes=\"auto, (max-width: 480px) 150px\" src=\"https:\/\/psp-wolka-tyrzynska.pl\/wp-content\/uploads\/2025\/10\/sieciaki3-724x1024.jpg\" alt=\"\" class=\"uag-image-1655\" width=\"1448\" height=\"2048\" title=\"sieciaki3\" loading=\"lazy\" role=\"img\"\/><\/figure><\/div>\n<\/div>\n\n\n\n<div class=\"wp-block-uagb-container uagb-block-0ed990a8\">\n<div class=\"my_title\">\n<p><strong>Projekt\u00a0<\/strong><a href=\"https:\/\/sieciaki.pl\/\"><strong>Sieciaki.pl<\/strong><\/a>\u00a0to\u00a0edukacyjny serwis internetowy dla dzieci, tworzony od 2005 roku przez\u00a0<a href=\"https:\/\/www.google.com\/search?sca_esv=637c0e90f834ed3d&amp;cs=0&amp;sxsrf=AE3TifPv7jlldFAOLBmzkP0EVTpROJ39UA%3A1758615847119&amp;q=Fundacj%C4%99+Dajemy+Dzieciom+Si%C5%82%C4%99&amp;sa=X&amp;ved=2ahUKEwirgcvGuu6PAxU3B9sEHVayAOUQxccNegQIAhAD&amp;mstk=AUtExfB4ciPCMV1FeXDhiHSB4-iDx6Cshi_cfZQA_UfupTlqFCRSQKo2KZ_0R0KdhghoEXQ2xxfStUM23R2DnKTJGiIL98m_fiEmJvG3eANGcd1IwcdvcLKZyHdODNz1s56o4OxVdazdLbaurdQo_NYuVv9XbejHyvQAzf-5QEVKqisKnHQTQa5WZMEC4WQfuf2jkWxOGn-biCsuDpjBQ42wVcHsJYrpUyN7l1k-_iC_9b2bB5G4OPGSwgaKOkkri1C5a3hzuwPjSSsDJI0lgM1yb4z2&amp;csui=3\">Fundacj\u0119 Dajemy Dzieciom Si\u0142\u0119<\/a>. Celem projektu jest nauczanie dzieci bezpiecznego i odpowiedzialnego korzystania z Internetu i urz\u0105dze\u0144 ekranowych poprzez anga\u017cuj\u0105ce materia\u0142y takie jak filmy, s\u0142uchowiska, ksi\u0105\u017cki, gry i scenariusze lekcji.\u00a0Projekt, oparty na przygodach dru\u017cyny pozytywnych bohater\u00f3w \u2013 Sieciak\u00f3w \u2013 walcz\u0105cych z zagro\u017ceniami w sieci ma na celu budowanie zdrowych nawyk\u00f3w cyfrowych od najm\u0142odszych lat. Projekt realizowany jest w klasach I-VI.<\/p>\n<\/div>\n<\/div>\n<\/div><\/div>\n\n\n\n<div class=\"wp-block-uagb-container uagb-block-d4c8c36c alignfull uagb-is-root-container\"><div class=\"uagb-container-inner-blocks-wrap\">\n<div class=\"wp-block-uagb-advanced-heading uagb-block-e96a57cf\"><h2 class=\"uagb-heading-text\">Sztuka emocji<\/h2><\/div>\n<\/div><\/div>\n\n\n\n<div class=\"wp-block-uagb-container uagb-block-626fdb56 alignfull uagb-is-root-container\"><div class=\"uagb-container-inner-blocks-wrap\">\n<div class=\"wp-block-uagb-container uagb-block-9fd4a063\">\n<div class=\"wp-block-uagb-image uagb-block-12757ee6 wp-block-uagb-image--layout-default wp-block-uagb-image--effect-static wp-block-uagb-image--align-none\"><figure class=\"wp-block-uagb-image__figure\"><img loading=\"lazy\" decoding=\"async\" srcset=\"https:\/\/psp-wolka-tyrzynska.pl\/wp-content\/uploads\/2025\/10\/sztuka_emocji-724x1024.jpg ,https:\/\/psp-wolka-tyrzynska.pl\/wp-content\/uploads\/2025\/10\/sztuka_emocji.jpg 780w, https:\/\/psp-wolka-tyrzynska.pl\/wp-content\/uploads\/2025\/10\/sztuka_emocji.jpg 360w\" sizes=\"auto, (max-width: 480px) 150px\" src=\"https:\/\/psp-wolka-tyrzynska.pl\/wp-content\/uploads\/2025\/10\/sztuka_emocji-724x1024.jpg\" alt=\"\" class=\"uag-image-1657\" width=\"1448\" height=\"2048\" title=\"sztuka_emocji\" loading=\"lazy\" role=\"img\"\/><\/figure><\/div>\n<\/div>\n\n\n\n<div class=\"wp-block-uagb-container uagb-block-f7d5ed74\">\n<div class=\"my_title\"><strong>Og\u00f3lnopolski Projekt Edukacyjny \u201eSztuka emocji\u201d<\/strong> \u201eSztuka emocji\u201d jak sama nazwa wskazuje jest to projekt, dzi\u0119ki kt\u00f3remu mo\u017cemy rozmawia\u0107 z dzie\u0107mi o emocjach wykorzystuj\u0105c do tego sztuk\u0119. Projekt i jego dzia\u0142ania, w za\u0142o\u017ceniach, osadzone s\u0105 w duchu arteterapii (terapii przez sztuk\u0119) i mindfulness. Technika mindfullness polega na \u015bwiadomym do\u015bwiadczaniu tego, co dzieje si\u0119 tu i teraz \u2013 zar\u00f3wno wewn\u0105trz cia\u0142a (my\u015bli, emocje, odczucia), jak i na zewn\u0105trz (d\u017awi\u0119ki, zapachy), co pomaga uspokoi\u0107 umys\u0142 i zredukowa\u0107 stres. Projekt b\u0119dzie realizowany podczas zaj\u0119\u0107 z psychologiem w klasach 1-3.<\/div>\n<\/div>\n<\/div><\/div>\n","protected":false},"excerpt":{"rendered":"<p>Zabawa sztuk\u0105 Og\u00f3lnopolski Projekt Edukacyjny \u201eZabawa sztuk\u0105\u201d to po\u0142\u0105czenie zabawy, sztuki i nauki. G\u0142\u00f3wnym celem projektu jest propagowanie sztuki w korelacji z kompetencjami kluczowymi oraz zgodnie z za\u0142o\u017ceniami pedagogiki freblowskiej. Bohaterowie Leo i Lisa&#46;&#46;&#46;<\/p>\n","protected":false},"author":1,"featured_media":0,"parent":0,"menu_order":0,"comment_status":"closed","ping_status":"closed","template":"","meta":{"_uag_custom_page_level_css":"","footnotes":""},"class_list":["post-440","page","type-page","status-publish","hentry"],"yoast_head":"<!-- This site is optimized with the Yoast SEO plugin v25.1 - https:\/\/yoast.com\/wordpress\/plugins\/seo\/ -->\n<title>Projekty - PSP W W\u00d3LCE TYRZY\u0143SKIEJ<\/title>\n<meta name=\"robots\" content=\"index, follow, max-snippet:-1, max-image-preview:large, max-video-preview:-1\" \/>\n<link rel=\"canonical\" href=\"https:\/\/psp-wolka-tyrzynska.pl\/?page_id=440\" \/>\n<meta property=\"og:locale\" content=\"pl_PL\" \/>\n<meta property=\"og:type\" content=\"article\" \/>\n<meta property=\"og:title\" content=\"Projekty - PSP W W\u00d3LCE TYRZY\u0143SKIEJ\" \/>\n<meta property=\"og:description\" content=\"Zabawa sztuk\u0105 Og\u00f3lnopolski Projekt Edukacyjny \u201eZabawa sztuk\u0105\u201d to po\u0142\u0105czenie zabawy, sztuki i nauki. G\u0142\u00f3wnym celem projektu jest propagowanie sztuki w korelacji z kompetencjami kluczowymi oraz zgodnie z za\u0142o\u017ceniami pedagogiki freblowskiej. Bohaterowie Leo i Lisa&#046;&#046;&#046;\" \/>\n<meta property=\"og:url\" content=\"https:\/\/psp-wolka-tyrzynska.pl\/?page_id=440\" \/>\n<meta property=\"og:site_name\" content=\"PSP W W\u00d3LCE TYRZY\u0143SKIEJ\" \/>\n<meta property=\"article:publisher\" content=\"https:\/\/www.facebook.com\/profile.php?id=100057326564826&amp;locale=pl_PL\" \/>\n<meta property=\"article:modified_time\" content=\"2025-10-26T18:32:59+00:00\" \/>\n<meta property=\"og:image\" content=\"https:\/\/psp-wolka-tyrzynska.pl\/wp-content\/uploads\/2025\/09\/1686ea59-7620-4d27-a108-7facc02c9032-724x1024.jpg\" \/>\n<meta name=\"twitter:card\" content=\"summary_large_image\" \/>\n<meta name=\"twitter:label1\" content=\"Szacowany czas czytania\" \/>\n\t<meta name=\"twitter:data1\" content=\"3 minuty\" \/>\n<script type=\"application\/ld+json\" class=\"yoast-schema-graph\">{\"@context\":\"https:\/\/schema.org\",\"@graph\":[{\"@type\":\"WebPage\",\"@id\":\"https:\/\/psp-wolka-tyrzynska.pl\/?page_id=440\",\"url\":\"https:\/\/psp-wolka-tyrzynska.pl\/?page_id=440\",\"name\":\"Projekty - PSP W W\u00d3LCE TYRZY\u0143SKIEJ\",\"isPartOf\":{\"@id\":\"https:\/\/psp-wolka-tyrzynska.pl\/#website\"},\"primaryImageOfPage\":{\"@id\":\"https:\/\/psp-wolka-tyrzynska.pl\/?page_id=440#primaryimage\"},\"image\":{\"@id\":\"https:\/\/psp-wolka-tyrzynska.pl\/?page_id=440#primaryimage\"},\"thumbnailUrl\":\"https:\/\/psp-wolka-tyrzynska.pl\/wp-content\/uploads\/2025\/09\/1686ea59-7620-4d27-a108-7facc02c9032-724x1024.jpg\",\"datePublished\":\"2024-12-06T10:13:25+00:00\",\"dateModified\":\"2025-10-26T18:32:59+00:00\",\"breadcrumb\":{\"@id\":\"https:\/\/psp-wolka-tyrzynska.pl\/?page_id=440#breadcrumb\"},\"inLanguage\":\"pl-PL\",\"potentialAction\":[{\"@type\":\"ReadAction\",\"target\":[\"https:\/\/psp-wolka-tyrzynska.pl\/?page_id=440\"]}]},{\"@type\":\"ImageObject\",\"inLanguage\":\"pl-PL\",\"@id\":\"https:\/\/psp-wolka-tyrzynska.pl\/?page_id=440#primaryimage\",\"url\":\"https:\/\/psp-wolka-tyrzynska.pl\/wp-content\/uploads\/2025\/09\/1686ea59-7620-4d27-a108-7facc02c9032.jpg\",\"contentUrl\":\"https:\/\/psp-wolka-tyrzynska.pl\/wp-content\/uploads\/2025\/09\/1686ea59-7620-4d27-a108-7facc02c9032.jpg\",\"width\":1448,\"height\":2048},{\"@type\":\"BreadcrumbList\",\"@id\":\"https:\/\/psp-wolka-tyrzynska.pl\/?page_id=440#breadcrumb\",\"itemListElement\":[{\"@type\":\"ListItem\",\"position\":1,\"name\":\"Home\",\"item\":\"https:\/\/psp-wolka-tyrzynska.pl\/\"},{\"@type\":\"ListItem\",\"position\":2,\"name\":\"Projekty\"}]},{\"@type\":\"WebSite\",\"@id\":\"https:\/\/psp-wolka-tyrzynska.pl\/#website\",\"url\":\"https:\/\/psp-wolka-tyrzynska.pl\/\",\"name\":\"PSP W W\u00d3LCE TYRZY\u0143SKIEJ\",\"description\":\"\",\"publisher\":{\"@id\":\"https:\/\/psp-wolka-tyrzynska.pl\/#organization\"},\"potentialAction\":[{\"@type\":\"SearchAction\",\"target\":{\"@type\":\"EntryPoint\",\"urlTemplate\":\"https:\/\/psp-wolka-tyrzynska.pl\/?s={search_term_string}\"},\"query-input\":{\"@type\":\"PropertyValueSpecification\",\"valueRequired\":true,\"valueName\":\"search_term_string\"}}],\"inLanguage\":\"pl-PL\"},{\"@type\":\"Organization\",\"@id\":\"https:\/\/psp-wolka-tyrzynska.pl\/#organization\",\"name\":\"PSP W W\u00d3LCE TYRZY\u0143SKIEJ\",\"url\":\"https:\/\/psp-wolka-tyrzynska.pl\/\",\"logo\":{\"@type\":\"ImageObject\",\"inLanguage\":\"pl-PL\",\"@id\":\"https:\/\/psp-wolka-tyrzynska.pl\/#\/schema\/logo\/image\/\",\"url\":\"https:\/\/psp-wolka-tyrzynska.pl\/wp-content\/uploads\/2024\/12\/LOGO-RGB-WYSWIETLANIE-NA-URZADZENIACH.jpg\",\"contentUrl\":\"https:\/\/psp-wolka-tyrzynska.pl\/wp-content\/uploads\/2024\/12\/LOGO-RGB-WYSWIETLANIE-NA-URZADZENIACH.jpg\",\"width\":1181,\"height\":1181,\"caption\":\"PSP W W\u00d3LCE TYRZY\u0143SKIEJ\"},\"image\":{\"@id\":\"https:\/\/psp-wolka-tyrzynska.pl\/#\/schema\/logo\/image\/\"},\"sameAs\":[\"https:\/\/www.facebook.com\/profile.php?id=100057326564826&locale=pl_PL\"]}]}<\/script>\n<!-- \/ Yoast SEO plugin. -->","yoast_head_json":{"title":"Projekty - PSP W W\u00d3LCE TYRZY\u0143SKIEJ","robots":{"index":"index","follow":"follow","max-snippet":"max-snippet:-1","max-image-preview":"max-image-preview:large","max-video-preview":"max-video-preview:-1"},"canonical":"https:\/\/psp-wolka-tyrzynska.pl\/?page_id=440","og_locale":"pl_PL","og_type":"article","og_title":"Projekty - PSP W W\u00d3LCE TYRZY\u0143SKIEJ","og_description":"Zabawa sztuk\u0105 Og\u00f3lnopolski Projekt Edukacyjny \u201eZabawa sztuk\u0105\u201d to po\u0142\u0105czenie zabawy, sztuki i nauki. G\u0142\u00f3wnym celem projektu jest propagowanie sztuki w korelacji z kompetencjami kluczowymi oraz zgodnie z za\u0142o\u017ceniami pedagogiki freblowskiej. Bohaterowie Leo i Lisa&#46;&#46;&#46;","og_url":"https:\/\/psp-wolka-tyrzynska.pl\/?page_id=440","og_site_name":"PSP W W\u00d3LCE TYRZY\u0143SKIEJ","article_publisher":"https:\/\/www.facebook.com\/profile.php?id=100057326564826&locale=pl_PL","article_modified_time":"2025-10-26T18:32:59+00:00","og_image":[{"url":"https:\/\/psp-wolka-tyrzynska.pl\/wp-content\/uploads\/2025\/09\/1686ea59-7620-4d27-a108-7facc02c9032-724x1024.jpg","type":"","width":"","height":""}],"twitter_card":"summary_large_image","twitter_misc":{"Szacowany czas czytania":"3 minuty"},"schema":{"@context":"https:\/\/schema.org","@graph":[{"@type":"WebPage","@id":"https:\/\/psp-wolka-tyrzynska.pl\/?page_id=440","url":"https:\/\/psp-wolka-tyrzynska.pl\/?page_id=440","name":"Projekty - PSP W W\u00d3LCE TYRZY\u0143SKIEJ","isPartOf":{"@id":"https:\/\/psp-wolka-tyrzynska.pl\/#website"},"primaryImageOfPage":{"@id":"https:\/\/psp-wolka-tyrzynska.pl\/?page_id=440#primaryimage"},"image":{"@id":"https:\/\/psp-wolka-tyrzynska.pl\/?page_id=440#primaryimage"},"thumbnailUrl":"https:\/\/psp-wolka-tyrzynska.pl\/wp-content\/uploads\/2025\/09\/1686ea59-7620-4d27-a108-7facc02c9032-724x1024.jpg","datePublished":"2024-12-06T10:13:25+00:00","dateModified":"2025-10-26T18:32:59+00:00","breadcrumb":{"@id":"https:\/\/psp-wolka-tyrzynska.pl\/?page_id=440#breadcrumb"},"inLanguage":"pl-PL","potentialAction":[{"@type":"ReadAction","target":["https:\/\/psp-wolka-tyrzynska.pl\/?page_id=440"]}]},{"@type":"ImageObject","inLanguage":"pl-PL","@id":"https:\/\/psp-wolka-tyrzynska.pl\/?page_id=440#primaryimage","url":"https:\/\/psp-wolka-tyrzynska.pl\/wp-content\/uploads\/2025\/09\/1686ea59-7620-4d27-a108-7facc02c9032.jpg","contentUrl":"https:\/\/psp-wolka-tyrzynska.pl\/wp-content\/uploads\/2025\/09\/1686ea59-7620-4d27-a108-7facc02c9032.jpg","width":1448,"height":2048},{"@type":"BreadcrumbList","@id":"https:\/\/psp-wolka-tyrzynska.pl\/?page_id=440#breadcrumb","itemListElement":[{"@type":"ListItem","position":1,"name":"Home","item":"https:\/\/psp-wolka-tyrzynska.pl\/"},{"@type":"ListItem","position":2,"name":"Projekty"}]},{"@type":"WebSite","@id":"https:\/\/psp-wolka-tyrzynska.pl\/#website","url":"https:\/\/psp-wolka-tyrzynska.pl\/","name":"PSP W W\u00d3LCE TYRZY\u0143SKIEJ","description":"","publisher":{"@id":"https:\/\/psp-wolka-tyrzynska.pl\/#organization"},"potentialAction":[{"@type":"SearchAction","target":{"@type":"EntryPoint","urlTemplate":"https:\/\/psp-wolka-tyrzynska.pl\/?s={search_term_string}"},"query-input":{"@type":"PropertyValueSpecification","valueRequired":true,"valueName":"search_term_string"}}],"inLanguage":"pl-PL"},{"@type":"Organization","@id":"https:\/\/psp-wolka-tyrzynska.pl\/#organization","name":"PSP W W\u00d3LCE TYRZY\u0143SKIEJ","url":"https:\/\/psp-wolka-tyrzynska.pl\/","logo":{"@type":"ImageObject","inLanguage":"pl-PL","@id":"https:\/\/psp-wolka-tyrzynska.pl\/#\/schema\/logo\/image\/","url":"https:\/\/psp-wolka-tyrzynska.pl\/wp-content\/uploads\/2024\/12\/LOGO-RGB-WYSWIETLANIE-NA-URZADZENIACH.jpg","contentUrl":"https:\/\/psp-wolka-tyrzynska.pl\/wp-content\/uploads\/2024\/12\/LOGO-RGB-WYSWIETLANIE-NA-URZADZENIACH.jpg","width":1181,"height":1181,"caption":"PSP W W\u00d3LCE TYRZY\u0143SKIEJ"},"image":{"@id":"https:\/\/psp-wolka-tyrzynska.pl\/#\/schema\/logo\/image\/"},"sameAs":["https:\/\/www.facebook.com\/profile.php?id=100057326564826&locale=pl_PL"]}]}},"uagb_featured_image_src":{"full":false,"thumbnail":false,"medium":false,"medium_large":false,"large":false,"1536x1536":false,"2048x2048":false,"depicter-thumbnail":false,"thumb-small":false,"thumb-standard":false,"thumb-medium":false,"thumb-large":false,"thumb-xlarge":false,"thumb-xxlarge":false},"uagb_author_info":{"display_name":"mcieslak_loguj","author_link":"https:\/\/psp-wolka-tyrzynska.pl\/?author=1"},"uagb_comment_info":0,"uagb_excerpt":"Zabawa sztuk\u0105 Og\u00f3lnopolski Projekt Edukacyjny \u201eZabawa sztuk\u0105\u201d to po\u0142\u0105czenie zabawy, sztuki i nauki. G\u0142\u00f3wnym celem projektu jest propagowanie sztuki w korelacji z kompetencjami kluczowymi oraz zgodnie z za\u0142o\u017ceniami pedagogiki freblowskiej. Bohaterowie Leo i Lisa&#46;&#46;&#46;","_links":{"self":[{"href":"https:\/\/psp-wolka-tyrzynska.pl\/index.php?rest_route=\/wp\/v2\/pages\/440","targetHints":{"allow":["GET"]}}],"collection":[{"href":"https:\/\/psp-wolka-tyrzynska.pl\/index.php?rest_route=\/wp\/v2\/pages"}],"about":[{"href":"https:\/\/psp-wolka-tyrzynska.pl\/index.php?rest_route=\/wp\/v2\/types\/page"}],"author":[{"embeddable":true,"href":"https:\/\/psp-wolka-tyrzynska.pl\/index.php?rest_route=\/wp\/v2\/users\/1"}],"replies":[{"embeddable":true,"href":"https:\/\/psp-wolka-tyrzynska.pl\/index.php?rest_route=%2Fwp%2Fv2%2Fcomments&post=440"}],"version-history":[{"count":14,"href":"https:\/\/psp-wolka-tyrzynska.pl\/index.php?rest_route=\/wp\/v2\/pages\/440\/revisions"}],"predecessor-version":[{"id":1663,"href":"https:\/\/psp-wolka-tyrzynska.pl\/index.php?rest_route=\/wp\/v2\/pages\/440\/revisions\/1663"}],"wp:attachment":[{"href":"https:\/\/psp-wolka-tyrzynska.pl\/index.php?rest_route=%2Fwp%2Fv2%2Fmedia&parent=440"}],"curies":[{"name":"wp","href":"https:\/\/api.w.org\/{rel}","templated":true}]}}