{"id":126,"date":"2024-11-03T18:16:10","date_gmt":"2024-11-03T17:16:10","guid":{"rendered":"https:\/\/psp-wolka-tyrzynska.pl\/?page_id=126"},"modified":"2025-09-10T19:50:01","modified_gmt":"2025-09-10T17:50:01","slug":"kalendarz-dni-wolne","status":"publish","type":"page","link":"https:\/\/psp-wolka-tyrzynska.pl\/?page_id=126","title":{"rendered":"Kalendarz dni wolne"},"content":{"rendered":"\t\t<div data-elementor-type=\"wp-page\" data-elementor-id=\"126\" class=\"elementor elementor-126\">\n\t\t\t\t<div class=\"elementor-element elementor-element-d270c9b e-flex e-con-boxed e-con e-parent\" data-id=\"d270c9b\" data-element_type=\"container\" data-e-type=\"container\">\n\t\t\t\t\t<div class=\"e-con-inner\">\n\t\t\t\t<div class=\"elementor-element elementor-element-6d1c803e elementor-widget__width-initial elementor-widget elementor-widget-text-editor\" data-id=\"6d1c803e\" data-element_type=\"widget\" data-e-type=\"widget\" data-widget_type=\"text-editor.default\">\n\t\t\t\t<div class=\"elementor-widget-container\">\n\t\t\t\t\t\t\t\t\t\n<figure class=\"wp-block-table\">\n<table>\n<thead>\n<tr>\n<th class=\"has-text-align-left\" data-align=\"left\"><hr \/>Miesi\u0105c<\/th>\n<th class=\"has-text-align-left\" data-align=\"left\">Termin<\/th>\n<th class=\"has-text-align-left\" data-align=\"left\">Nazwa<\/th>\n<th class=\"has-text-align-left\" data-align=\"left\">Jednostki sk\u0142adowe<\/th>\n<\/tr>\n<\/thead>\n<tbody>\n<tr>\n<td class=\"has-text-align-left\" data-align=\"left\">pa\u017adziernik<\/td>\n<td class=\"has-text-align-left\" data-align=\"left\">13.10.2025<\/td>\n<td class=\"has-text-align-left\" data-align=\"left\">\u00a0<\/td>\n<td class=\"has-text-align-left\" data-align=\"left\">dodatkowy dzie\u0144 wolny<\/td>\n<\/tr>\n<tr>\n<td class=\"has-text-align-left\" data-align=\"left\">listopad<\/td>\n<td class=\"has-text-align-left\" data-align=\"left\">10.11.2025<\/td>\n<td class=\"has-text-align-left\" data-align=\"left\">\u00a0<\/td>\n<td class=\"has-text-align-left\" data-align=\"left\">dodatkowy dzie\u0144 wolny<\/td>\n<\/tr>\n<tr>\n<td class=\"has-text-align-left\" data-align=\"left\">stycze\u0144<\/td>\n<td class=\"has-text-align-left\" data-align=\"left\">2.01.2026<\/td>\n<td class=\"has-text-align-left\" data-align=\"left\">\u00a0<\/td>\n<td class=\"has-text-align-left\" data-align=\"left\">dodatkowy dzie\u0144 wolny<\/td>\n<\/tr>\n<tr>\n<td class=\"has-text-align-left\" data-align=\"left\">kwiecie\u0144<\/td>\n<td class=\"has-text-align-left\" data-align=\"left\">30.04.2026<\/td>\n<td class=\"has-text-align-left\" data-align=\"left\">\u00a0<\/td>\n<td class=\"has-text-align-left\" data-align=\"left\">dodatkowy dzie\u0144 wolny<\/td>\n<\/tr>\n<tr>\n<td class=\"has-text-align-left\" data-align=\"left\">maj<\/td>\n<td class=\"has-text-align-left\" data-align=\"left\">11.05.2026<\/td>\n<td class=\"has-text-align-left\" data-align=\"left\">\u00a0<\/td>\n<td class=\"has-text-align-left\" data-align=\"left\">egzamin klas 8<\/td>\n<\/tr>\n<tr>\n<td class=\"has-text-align-left\" data-align=\"left\">maj<\/td>\n<td class=\"has-text-align-left\" data-align=\"left\">12.052026<\/td>\n<td class=\"has-text-align-left\" data-align=\"left\">\u00a0<\/td>\n<td class=\"has-text-align-left\" data-align=\"left\">egzamin klas 8<\/td>\n<\/tr>\n<tr>\n<td class=\"has-text-align-left\" data-align=\"left\">maj<\/td>\n<td class=\"has-text-align-left\" data-align=\"left\">13.05.2026<\/td>\n<td class=\"has-text-align-left\" data-align=\"left\">\u00a0<\/td>\n<td class=\"has-text-align-left\" data-align=\"left\">egzamin klas 8<\/td>\n<\/tr>\n<tr>\n<td class=\"has-text-align-left\" data-align=\"left\">czerwiec<\/td>\n<td class=\"has-text-align-left\" data-align=\"left\">5.06.2026<\/td>\n<td class=\"has-text-align-left\" data-align=\"left\">\u00a0<\/td>\n<td class=\"has-text-align-left\" data-align=\"left\">dodatkowy dzie\u0144 wolny<\/td>\n<\/tr>\n<tr>\n<td class=\"has-text-align-left\" data-align=\"left\">\u00a0<\/td>\n<td class=\"has-text-align-left\" data-align=\"left\">\u00a0<\/td>\n<td class=\"has-text-align-left\" data-align=\"left\">\u00a0<\/td>\n<td class=\"has-text-align-left\" data-align=\"left\">\u00a0<\/td>\n<\/tr>\n<tr>\n<td class=\"has-text-align-left\" data-align=\"left\">\u00a0<\/td>\n<td class=\"has-text-align-left\" data-align=\"left\">\u00a0<\/td>\n<td class=\"has-text-align-left\" data-align=\"left\">\u00a0<\/td>\n<td class=\"has-text-align-left\" data-align=\"left\">\u00a0<\/td>\n<\/tr>\n<tr>\n<td class=\"has-text-align-left\" data-align=\"left\">\u00a0<\/td>\n<td class=\"has-text-align-left\" data-align=\"left\">\u00a0<\/td>\n<td class=\"has-text-align-left\" data-align=\"left\">\u00a0<\/td>\n<td class=\"has-text-align-left\" data-align=\"left\">\u00a0<\/td>\n<\/tr>\n<tr>\n<td class=\"has-text-align-left\" data-align=\"left\">\u00a0<\/td>\n<td class=\"has-text-align-left\" data-align=\"left\">\u00a0<\/td>\n<td class=\"has-text-align-left\" data-align=\"left\">\u00a0<\/td>\n<td class=\"has-text-align-left\" data-align=\"left\">\u00a0<\/td>\n<\/tr>\n<tr>\n<td class=\"has-text-align-left\" data-align=\"left\">\u00a0<\/td>\n<td class=\"has-text-align-left\" data-align=\"left\">\u00a0<\/td>\n<td class=\"has-text-align-left\" data-align=\"left\">\u00a0<\/td>\n<td class=\"has-text-align-left\" data-align=\"left\">\u00a0<\/td>\n<\/tr>\n<tr>\n<td class=\"has-text-align-left\" data-align=\"left\">\u00a0<\/td>\n<td class=\"has-text-align-left\" data-align=\"left\">\u00a0<\/td>\n<td class=\"has-text-align-left\" data-align=\"left\">\u00a0<\/td>\n<td class=\"has-text-align-left\" data-align=\"left\">\u00a0<\/td>\n<\/tr>\n<tr>\n<td class=\"has-text-align-left\" data-align=\"left\">\u00a0<\/td>\n<td class=\"has-text-align-left\" data-align=\"left\">\u00a0<\/td>\n<td class=\"has-text-align-left\" data-align=\"left\">\u00a0<\/td>\n<td class=\"has-text-align-left\" data-align=\"left\">\u00a0<\/td>\n<\/tr>\n<tr>\n<td class=\"has-text-align-left\" data-align=\"left\">\u00a0<\/td>\n<td class=\"has-text-align-left\" data-align=\"left\">\u00a0<\/td>\n<td class=\"has-text-align-left\" data-align=\"left\">\u00a0<\/td>\n<td class=\"has-text-align-left\" data-align=\"left\">\u00a0<\/td>\n<\/tr>\n<tr>\n<td class=\"has-text-align-left\" data-align=\"left\">\u00a0<\/td>\n<td class=\"has-text-align-left\" data-align=\"left\">\u00a0<\/td>\n<td class=\"has-text-align-left\" data-align=\"left\">\u00a0<\/td>\n<td class=\"has-text-align-left\" data-align=\"left\">\u00a0<\/td>\n<\/tr>\n<tr>\n<td class=\"has-text-align-left\" data-align=\"left\">\u00a0<\/td>\n<td class=\"has-text-align-left\" data-align=\"left\">\u00a0<\/td>\n<td class=\"has-text-align-left\" data-align=\"left\">\u00a0<\/td>\n<td class=\"has-text-align-left\" data-align=\"left\">\u00a0<\/td>\n<\/tr>\n<tr>\n<td class=\"has-text-align-left\" data-align=\"left\">\u00a0<\/td>\n<td class=\"has-text-align-left\" data-align=\"left\">\u00a0<\/td>\n<td class=\"has-text-align-left\" data-align=\"left\">\u00a0<\/td>\n<td class=\"has-text-align-left\" data-align=\"left\">\u00a0<\/td>\n<\/tr>\n<tr>\n<td class=\"has-text-align-left\" data-align=\"left\">\u00a0<\/td>\n<td class=\"has-text-align-left\" data-align=\"left\">\u00a0<\/td>\n<td class=\"has-text-align-left\" data-align=\"left\">\u00a0<\/td>\n<td class=\"has-text-align-left\" data-align=\"left\">\u00a0<\/td>\n<\/tr>\n<tr>\n<td class=\"has-text-align-left\" data-align=\"left\">\u00a0<\/td>\n<td class=\"has-text-align-left\" data-align=\"left\">\u00a0<\/td>\n<td class=\"has-text-align-left\" data-align=\"left\">\u00a0<\/td>\n<td class=\"has-text-align-left\" data-align=\"left\">\u00a0<\/td>\n<\/tr>\n<tr>\n<td class=\"has-text-align-left\" data-align=\"left\">\u00a0<\/td>\n<td class=\"has-text-align-left\" data-align=\"left\">\u00a0<\/td>\n<td class=\"has-text-align-left\" data-align=\"left\">\u00a0<\/td>\n<td class=\"has-text-align-left\" data-align=\"left\">\u00a0<\/td>\n<\/tr>\n<tr>\n<td class=\"has-text-align-left\" data-align=\"left\">\u00a0<\/td>\n<td class=\"has-text-align-left\" data-align=\"left\">\u00a0<\/td>\n<td class=\"has-text-align-left\" data-align=\"left\">\u00a0<\/td>\n<td class=\"has-text-align-left\" data-align=\"left\">\u00a0<\/td>\n<\/tr>\n<tr>\n<td class=\"has-text-align-left\" data-align=\"left\">\u00a0<\/td>\n<td class=\"has-text-align-left\" data-align=\"left\">\u00a0<\/td>\n<td class=\"has-text-align-left\" data-align=\"left\">\u00a0<\/td>\n<td class=\"has-text-align-left\" data-align=\"left\">\u00a0<\/td>\n<\/tr>\n<tr>\n<td class=\"has-text-align-left\" data-align=\"left\">\u00a0<\/td>\n<td class=\"has-text-align-left\" data-align=\"left\">\u00a0<\/td>\n<td class=\"has-text-align-left\" data-align=\"left\">\u00a0<\/td>\n<td class=\"has-text-align-left\" data-align=\"left\">\u00a0<\/td>\n<\/tr>\n<tr>\n<td class=\"has-text-align-left\" data-align=\"left\">\u00a0<\/td>\n<td class=\"has-text-align-left\" data-align=\"left\">\u00a0<\/td>\n<td class=\"has-text-align-left\" data-align=\"left\">\u00a0<\/td>\n<td class=\"has-text-align-left\" data-align=\"left\">\u00a0<\/td>\n<\/tr>\n<\/tbody>\n<\/table>\n<\/figure>\n\n<p>\u00a0<\/p>\n\t\t\t\t\t\t\t\t<\/div>\n\t\t\t\t<\/div>\n\t\t\t\t\t<\/div>\n\t\t\t\t<\/div>\n\t\t\t\t<\/div>\n\t\t","protected":false},"excerpt":{"rendered":"<p>Miesi\u0105c Termin Nazwa Jednostki sk\u0142adowe pa\u017adziernik 13.10.2025 \u00a0 dodatkowy dzie\u0144 wolny listopad 10.11.2025 \u00a0 dodatkowy dzie\u0144 wolny stycze\u0144 2.01.2026 \u00a0 dodatkowy dzie\u0144 wolny kwiecie\u0144 30.04.2026 \u00a0 dodatkowy dzie\u0144 wolny maj 11.05.2026 \u00a0 egzamin klas&#46;&#46;&#46;<\/p>\n","protected":false},"author":1,"featured_media":0,"parent":0,"menu_order":0,"comment_status":"closed","ping_status":"closed","template":"","meta":{"_uag_custom_page_level_css":"","footnotes":""},"class_list":["post-126","page","type-page","status-publish","hentry"],"yoast_head":"<!-- This site is optimized with the Yoast SEO plugin v25.1 - https:\/\/yoast.com\/wordpress\/plugins\/seo\/ -->\n<title>Kalendarz dni wolne - PSP W W\u00d3LCE TYRZY\u0143SKIEJ<\/title>\n<meta name=\"robots\" content=\"index, follow, max-snippet:-1, max-image-preview:large, max-video-preview:-1\" \/>\n<link rel=\"canonical\" href=\"https:\/\/psp-wolka-tyrzynska.pl\/?page_id=126\" \/>\n<meta property=\"og:locale\" content=\"pl_PL\" \/>\n<meta property=\"og:type\" content=\"article\" \/>\n<meta property=\"og:title\" content=\"Kalendarz dni wolne - PSP W W\u00d3LCE TYRZY\u0143SKIEJ\" \/>\n<meta property=\"og:description\" content=\"Miesi\u0105c Termin Nazwa Jednostki sk\u0142adowe pa\u017adziernik 13.10.2025 \u00a0 dodatkowy dzie\u0144 wolny listopad 10.11.2025 \u00a0 dodatkowy dzie\u0144 wolny stycze\u0144 2.01.2026 \u00a0 dodatkowy dzie\u0144 wolny kwiecie\u0144 30.04.2026 \u00a0 dodatkowy dzie\u0144 wolny maj 11.05.2026 \u00a0 egzamin klas&#046;&#046;&#046;\" \/>\n<meta property=\"og:url\" content=\"https:\/\/psp-wolka-tyrzynska.pl\/?page_id=126\" \/>\n<meta property=\"og:site_name\" content=\"PSP W W\u00d3LCE TYRZY\u0143SKIEJ\" \/>\n<meta property=\"article:publisher\" content=\"https:\/\/www.facebook.com\/profile.php?id=100057326564826&amp;locale=pl_PL\" \/>\n<meta property=\"article:modified_time\" content=\"2025-09-10T17:50:01+00:00\" \/>\n<meta name=\"twitter:card\" content=\"summary_large_image\" \/>\n<meta name=\"twitter:label1\" content=\"Szacowany czas czytania\" \/>\n\t<meta name=\"twitter:data1\" content=\"1 minuta\" \/>\n<script type=\"application\/ld+json\" class=\"yoast-schema-graph\">{\"@context\":\"https:\/\/schema.org\",\"@graph\":[{\"@type\":\"WebPage\",\"@id\":\"https:\/\/psp-wolka-tyrzynska.pl\/?page_id=126\",\"url\":\"https:\/\/psp-wolka-tyrzynska.pl\/?page_id=126\",\"name\":\"Kalendarz dni wolne - PSP W W\u00d3LCE TYRZY\u0143SKIEJ\",\"isPartOf\":{\"@id\":\"https:\/\/psp-wolka-tyrzynska.pl\/#website\"},\"datePublished\":\"2024-11-03T17:16:10+00:00\",\"dateModified\":\"2025-09-10T17:50:01+00:00\",\"breadcrumb\":{\"@id\":\"https:\/\/psp-wolka-tyrzynska.pl\/?page_id=126#breadcrumb\"},\"inLanguage\":\"pl-PL\",\"potentialAction\":[{\"@type\":\"ReadAction\",\"target\":[\"https:\/\/psp-wolka-tyrzynska.pl\/?page_id=126\"]}]},{\"@type\":\"BreadcrumbList\",\"@id\":\"https:\/\/psp-wolka-tyrzynska.pl\/?page_id=126#breadcrumb\",\"itemListElement\":[{\"@type\":\"ListItem\",\"position\":1,\"name\":\"Home\",\"item\":\"https:\/\/psp-wolka-tyrzynska.pl\/\"},{\"@type\":\"ListItem\",\"position\":2,\"name\":\"Kalendarz dni wolne\"}]},{\"@type\":\"WebSite\",\"@id\":\"https:\/\/psp-wolka-tyrzynska.pl\/#website\",\"url\":\"https:\/\/psp-wolka-tyrzynska.pl\/\",\"name\":\"PSP W W\u00d3LCE TYRZY\u0143SKIEJ\",\"description\":\"\",\"publisher\":{\"@id\":\"https:\/\/psp-wolka-tyrzynska.pl\/#organization\"},\"potentialAction\":[{\"@type\":\"SearchAction\",\"target\":{\"@type\":\"EntryPoint\",\"urlTemplate\":\"https:\/\/psp-wolka-tyrzynska.pl\/?s={search_term_string}\"},\"query-input\":{\"@type\":\"PropertyValueSpecification\",\"valueRequired\":true,\"valueName\":\"search_term_string\"}}],\"inLanguage\":\"pl-PL\"},{\"@type\":\"Organization\",\"@id\":\"https:\/\/psp-wolka-tyrzynska.pl\/#organization\",\"name\":\"PSP W W\u00d3LCE TYRZY\u0143SKIEJ\",\"url\":\"https:\/\/psp-wolka-tyrzynska.pl\/\",\"logo\":{\"@type\":\"ImageObject\",\"inLanguage\":\"pl-PL\",\"@id\":\"https:\/\/psp-wolka-tyrzynska.pl\/#\/schema\/logo\/image\/\",\"url\":\"https:\/\/psp-wolka-tyrzynska.pl\/wp-content\/uploads\/2024\/12\/LOGO-RGB-WYSWIETLANIE-NA-URZADZENIACH.jpg\",\"contentUrl\":\"https:\/\/psp-wolka-tyrzynska.pl\/wp-content\/uploads\/2024\/12\/LOGO-RGB-WYSWIETLANIE-NA-URZADZENIACH.jpg\",\"width\":1181,\"height\":1181,\"caption\":\"PSP W W\u00d3LCE TYRZY\u0143SKIEJ\"},\"image\":{\"@id\":\"https:\/\/psp-wolka-tyrzynska.pl\/#\/schema\/logo\/image\/\"},\"sameAs\":[\"https:\/\/www.facebook.com\/profile.php?id=100057326564826&locale=pl_PL\"]}]}<\/script>\n<!-- \/ Yoast SEO plugin. -->","yoast_head_json":{"title":"Kalendarz dni wolne - PSP W W\u00d3LCE TYRZY\u0143SKIEJ","robots":{"index":"index","follow":"follow","max-snippet":"max-snippet:-1","max-image-preview":"max-image-preview:large","max-video-preview":"max-video-preview:-1"},"canonical":"https:\/\/psp-wolka-tyrzynska.pl\/?page_id=126","og_locale":"pl_PL","og_type":"article","og_title":"Kalendarz dni wolne - PSP W W\u00d3LCE TYRZY\u0143SKIEJ","og_description":"Miesi\u0105c Termin Nazwa Jednostki sk\u0142adowe pa\u017adziernik 13.10.2025 \u00a0 dodatkowy dzie\u0144 wolny listopad 10.11.2025 \u00a0 dodatkowy dzie\u0144 wolny stycze\u0144 2.01.2026 \u00a0 dodatkowy dzie\u0144 wolny kwiecie\u0144 30.04.2026 \u00a0 dodatkowy dzie\u0144 wolny maj 11.05.2026 \u00a0 egzamin klas&#46;&#46;&#46;","og_url":"https:\/\/psp-wolka-tyrzynska.pl\/?page_id=126","og_site_name":"PSP W W\u00d3LCE TYRZY\u0143SKIEJ","article_publisher":"https:\/\/www.facebook.com\/profile.php?id=100057326564826&locale=pl_PL","article_modified_time":"2025-09-10T17:50:01+00:00","twitter_card":"summary_large_image","twitter_misc":{"Szacowany czas czytania":"1 minuta"},"schema":{"@context":"https:\/\/schema.org","@graph":[{"@type":"WebPage","@id":"https:\/\/psp-wolka-tyrzynska.pl\/?page_id=126","url":"https:\/\/psp-wolka-tyrzynska.pl\/?page_id=126","name":"Kalendarz dni wolne - PSP W W\u00d3LCE TYRZY\u0143SKIEJ","isPartOf":{"@id":"https:\/\/psp-wolka-tyrzynska.pl\/#website"},"datePublished":"2024-11-03T17:16:10+00:00","dateModified":"2025-09-10T17:50:01+00:00","breadcrumb":{"@id":"https:\/\/psp-wolka-tyrzynska.pl\/?page_id=126#breadcrumb"},"inLanguage":"pl-PL","potentialAction":[{"@type":"ReadAction","target":["https:\/\/psp-wolka-tyrzynska.pl\/?page_id=126"]}]},{"@type":"BreadcrumbList","@id":"https:\/\/psp-wolka-tyrzynska.pl\/?page_id=126#breadcrumb","itemListElement":[{"@type":"ListItem","position":1,"name":"Home","item":"https:\/\/psp-wolka-tyrzynska.pl\/"},{"@type":"ListItem","position":2,"name":"Kalendarz dni wolne"}]},{"@type":"WebSite","@id":"https:\/\/psp-wolka-tyrzynska.pl\/#website","url":"https:\/\/psp-wolka-tyrzynska.pl\/","name":"PSP W W\u00d3LCE TYRZY\u0143SKIEJ","description":"","publisher":{"@id":"https:\/\/psp-wolka-tyrzynska.pl\/#organization"},"potentialAction":[{"@type":"SearchAction","target":{"@type":"EntryPoint","urlTemplate":"https:\/\/psp-wolka-tyrzynska.pl\/?s={search_term_string}"},"query-input":{"@type":"PropertyValueSpecification","valueRequired":true,"valueName":"search_term_string"}}],"inLanguage":"pl-PL"},{"@type":"Organization","@id":"https:\/\/psp-wolka-tyrzynska.pl\/#organization","name":"PSP W W\u00d3LCE TYRZY\u0143SKIEJ","url":"https:\/\/psp-wolka-tyrzynska.pl\/","logo":{"@type":"ImageObject","inLanguage":"pl-PL","@id":"https:\/\/psp-wolka-tyrzynska.pl\/#\/schema\/logo\/image\/","url":"https:\/\/psp-wolka-tyrzynska.pl\/wp-content\/uploads\/2024\/12\/LOGO-RGB-WYSWIETLANIE-NA-URZADZENIACH.jpg","contentUrl":"https:\/\/psp-wolka-tyrzynska.pl\/wp-content\/uploads\/2024\/12\/LOGO-RGB-WYSWIETLANIE-NA-URZADZENIACH.jpg","width":1181,"height":1181,"caption":"PSP W W\u00d3LCE TYRZY\u0143SKIEJ"},"image":{"@id":"https:\/\/psp-wolka-tyrzynska.pl\/#\/schema\/logo\/image\/"},"sameAs":["https:\/\/www.facebook.com\/profile.php?id=100057326564826&locale=pl_PL"]}]}},"uagb_featured_image_src":{"full":false,"thumbnail":false,"medium":false,"medium_large":false,"large":false,"1536x1536":false,"2048x2048":false,"depicter-thumbnail":false,"thumb-small":false,"thumb-standard":false,"thumb-medium":false,"thumb-large":false,"thumb-xlarge":false,"thumb-xxlarge":false},"uagb_author_info":{"display_name":"mcieslak_loguj","author_link":"https:\/\/psp-wolka-tyrzynska.pl\/?author=1"},"uagb_comment_info":0,"uagb_excerpt":"Miesi\u0105c Termin Nazwa Jednostki sk\u0142adowe pa\u017adziernik 13.10.2025 \u00a0 dodatkowy dzie\u0144 wolny listopad 10.11.2025 \u00a0 dodatkowy dzie\u0144 wolny stycze\u0144 2.01.2026 \u00a0 dodatkowy dzie\u0144 wolny kwiecie\u0144 30.04.2026 \u00a0 dodatkowy dzie\u0144 wolny maj 11.05.2026 \u00a0 egzamin klas&#46;&#46;&#46;","_links":{"self":[{"href":"https:\/\/psp-wolka-tyrzynska.pl\/index.php?rest_route=\/wp\/v2\/pages\/126","targetHints":{"allow":["GET"]}}],"collection":[{"href":"https:\/\/psp-wolka-tyrzynska.pl\/index.php?rest_route=\/wp\/v2\/pages"}],"about":[{"href":"https:\/\/psp-wolka-tyrzynska.pl\/index.php?rest_route=\/wp\/v2\/types\/page"}],"author":[{"embeddable":true,"href":"https:\/\/psp-wolka-tyrzynska.pl\/index.php?rest_route=\/wp\/v2\/users\/1"}],"replies":[{"embeddable":true,"href":"https:\/\/psp-wolka-tyrzynska.pl\/index.php?rest_route=%2Fwp%2Fv2%2Fcomments&post=126"}],"version-history":[{"count":53,"href":"https:\/\/psp-wolka-tyrzynska.pl\/index.php?rest_route=\/wp\/v2\/pages\/126\/revisions"}],"predecessor-version":[{"id":1363,"href":"https:\/\/psp-wolka-tyrzynska.pl\/index.php?rest_route=\/wp\/v2\/pages\/126\/revisions\/1363"}],"wp:attachment":[{"href":"https:\/\/psp-wolka-tyrzynska.pl\/index.php?rest_route=%2Fwp%2Fv2%2Fmedia&parent=126"}],"curies":[{"name":"wp","href":"https:\/\/api.w.org\/{rel}","templated":true}]}}